{"id":11,"date":"2020-03-30T13:41:54","date_gmt":"2020-03-30T13:41:54","guid":{"rendered":"http:\/\/centroubir.dominiotemporario.com\/?page_id=11"},"modified":"2025-11-26T15:09:32","modified_gmt":"2025-11-26T18:09:32","slug":"mesmerize","status":"publish","type":"page","link":"https:\/\/centroubiratan.com\/","title":{"rendered":"Home"},"content":{"rendered":"<div  data-label=\"Curso\" data-id=\"about--5\" data-export-id=\"about-9\" data-category=\"about\" class=\"about-9 content-section content-section-spacing\" id=\"curso\" style=\"background-color: rgb(255, 255, 255); background-image: none;\"><div  class=\"gridContainer\"> <div  class=\"row middle-sm text-center\"><div  class=\"col-sm-5 space-bottom-xs content-column content-left-sm\" data-type=\"column\"> <h5  class=\"\">Curso<\/h5> <h2  class=\"\">Curso de Espiritismo e Desenvolvimento Medi\u00fanico<\/h2> <p  class=\"\">Deseja conhecer mais sobre a Doutrina Esp\u00edrita?<br ><br >Temos o curso completo, baseado nas obras b\u00e1sicas de Allan Kardec e nas obras complementares de Chico Xavier e demais autores.<br ><br >Aulas te\u00f3ricas e pr\u00e1ticas<br ><br >Turmas:\n<br >Quinta-feira: Das 19:45 \u00e0s 22:00<br >S\u00e1bado: Das 14:45 \u00e0s 17:00\n<br ><br ><br >Inscri\u00e7\u00f5es e informa\u00e7\u00f5es:&nbsp;<br >contato@centroubiratan.com<\/p> <a  class=\"button blue\" href=\"https:\/\/centroubiratan.com?page_id=1382\" target=\"_blank\" data-cp-link=\"1\">Contato<\/a><\/div> <div  class=\"col-sm-7 flexbox flexbox middle-xs center-xs space-bottom-xs\"><div  class=\"overlay-box flexbox middle-xs center-xs overlay-holder \"> <div  class=\"overlay-box-offset offset-background shadow-medium bg-color2 hide-xs\"><\/div> <a  data-cp-link=\"1\" href=\"#\" target=\"_self\"><img  decoding=\"async\" class=\"flexbox shadow-large img1\" src=\"https:\/\/centroubiratan.com\/wp-content\/uploads\/2025\/11\/cropped-Curso-de-Espiritismo.png\" data-size=\"600x400\"><\/a><\/div> <\/div><\/div> <\/div><\/div><div  data-label=\"Evangelizacao\" data-id=\"about--4\" data-export-id=\"about-images-right-section\" data-category=\"about\" class=\"about-images-right-section content-section content-section-spacing\" id=\"evangelizacao\" style=\"background-color: rgb(245, 250, 253); background-image: none;\" data-bullets-visibility=\"true\"><div  class=\"gridContainer\"> <div  class=\"row middle-sm text-center\"><div  class=\"col-sm-5 content-left-sm\" data-type=\"column\">  <h2  class=\"\">Evangeliza\u00e7\u00e3o Infantojuvenil e Mocidade Esp\u00edrita<\/h2> <p  class=\"\">\u201cDeixai vir a mim os pequeninos\u201d<br ><br >Traga seu filho(a) para participar da nossa Evangeliza\u00e7\u00e3o e Mocidade Esp\u00edrita. \u00c9 fundamental apresentarmos Jesus para as nossas crian\u00e7as e jovens.<br ><br >Turmas para todas as idades.<br >Todos os S\u00e1bados, das 18h \u00e0s 20h\n<br ><br >\nPara participar basta enviar um e-mail para:<br >evangelizacao@centroubiratan.com<br >com os seguintes dados:<br ><br >\u2013 Nome da crian\u00e7a\/adolescente<br >\u2013 Idade da crian\u00e7a\/adolescente<br >\u2013 Nome do respons\u00e1vel<br >\u2013 Endere\u00e7o<br >\u2013 Telefone\/Whatsapp<br >\u2013 E-mail do respons\u00e1vel<br ><br >Maiores informa\u00e7\u00f5es, clique no bot\u00e3o abaixo.<\/p> <a  class=\"button blue\" href=\"https:\/\/centroubiratan.com?page_id=20\" target=\"_blank\" data-cp-link=\"1\" rel=\"noopener\">Evangeliza\u00e7\u00e3o<\/a><\/div> <div  class=\"col-sm-7 space-bottom-xs\"><div  class=\"image-group-side-3-img\"> <img  decoding=\"async\" class=\"topimg shadow-large\" src=\"https:\/\/centroubiratan.com\/wp-content\/uploads\/2020\/03\/cropped-bridal-veil-fall-52449_1920-5.jpg\" title=\"cropped-bridal-veil-fall-52449_1920-5.jpg\" alt=\"\"> <img  decoding=\"async\" class=\"rightimg shadow-large\" src=\"https:\/\/centroubiratan.com\/wp-content\/plugins\/mesmerize-companion\/theme-data\/mesmerize\/sections\/images\/background-2498615.jpg\"> <div  class=\"leftimg\"> <img  decoding=\"async\" class=\"shadow-large\" src=\"https:\/\/centroubiratan.com\/wp-content\/uploads\/2023\/09\/cropped-Evangelizacao-e-Mocidade-Espirita.png\" title=\"cropped-Evangelizacao-e-Mocidade-Espirita.png\" alt=\"\"><\/div> <\/div><\/div> <\/div><\/div> <\/div><div  id=\"sobre\" style=\"background-color: rgb(255, 255, 255); background-image: none;\" data-label=\"Sobre\" data-id=\"about-images-right-section-mc\" data-export-id=\"about-images-right-section-mc\" data-bullets-visibility=\"true\" data-category=\"about\" class=\"about-images-right-section-mc content-section content-section-spacing\"><div  class=\"gridContainer\"> <div  class=\"row middle-sm text-center\"><div  class=\"col-sm-5 content-left-sm\" data-type=\"column\"> <h5  class=\"\">Nossa hist\u00f3ria&nbsp;&nbsp;<\/h5> <h2  class=\"\"><span  style=\"font-family: Playfair Display,sans-serif; font-weight: 700; font-style: italic;\" href=\"#\">\u201cMeu amor \u00e9 puro como pura \u00e9 a raiz do Jatob\u00e1\u201d.<\/span> Ubiratan<\/h2> <p  class=\"\">O Centro Esp\u00edrita Ubiratan foi fundado no dia 3 de outubro de 1942 por Romualdo Joaquim Martins com a ajuda de um grupo de trabalhadores devotados ao bem.<br ><br >Desde ent\u00e3o, esta casa tem se dedicado \u00e0 divulga\u00e7\u00e3o do Evangelho de Jesus Cristo e do Espiritismo, bem como \u00e0 presta\u00e7\u00e3o de assist\u00eancia espiritual e material a todos que batem a sua porta.<br ><br >S\u00e3o 80 anos dedicados a causa da caridade, do amor e da fraternidade.<\/p> <a  class=\"button color1\" href=\"https:\/\/centroubiratan.com?page_id=22\" target=\"_self\" data-cp-link=\"1\" rel=\"noopener noreferrer\">Saiba mais<\/a><\/div> <div  class=\"col-sm-7 space-bottom-xs\"><div  class=\"image-group-side-3-img\"> <a  data-cp-link=\"1\" href=\"https:\/\/centroubiratan.com?page_id=22\" target=\"_self\" class=\"\" rel=\"noopener noreferrer\"><img  decoding=\"async\" class=\"topimg shadow-large\" src=\"https:\/\/centroubiratan.com\/wp-content\/uploads\/2024\/03\/cropped-jatoba.webp\" alt=\"\" title=\"cropped-spring-276014_1920-2.jpg\"><\/a> <a  data-cp-link=\"1\" href=\"https:\/\/centroubiratan.com?page_id=22\" target=\"_self\" class=\"\" rel=\"noopener noreferrer\"><img  decoding=\"async\" class=\"rightimg shadow-large\" src=\"https:\/\/centroubiratan.com\/wp-content\/uploads\/2020\/03\/cropped-spring-276014_1920-3.jpg\" alt=\"\" title=\"cropped-clasped-hands-541849_1920-2.jpg\"><\/a> <div  class=\"leftimg\"> <a  data-cp-link=\"1\" href=\"https:\/\/centroubiratan.com?page_id=22\" target=\"_self\" class=\"\" rel=\"noopener noreferrer\"><img  decoding=\"async\" class=\"shadow-large\" src=\"https:\/\/centroubiratan.com\/wp-content\/uploads\/2020\/03\/cropped-Ubiratan-3.jpg\" alt=\"\" title=\"cropped-Ubiratan-1.jpg\"><\/a><\/div> <\/div><\/div> <\/div><\/div> <\/div><div  data-label=\"Doacoes\" data-id=\"features--2\" data-export-id=\"features-12-card-bordered\" data-category=\"features\" class=\"features-12-card-bordered content-section content-section-spacing \" id=\"doacoes\" style=\"background-color: rgb(245, 250, 253); background-image: none;\" data-bullets-visibility=\"true\"><div  class=\"gridContainer\"> <div  class=\"row text-center\"><div  class=\"section-title-col\" data-type=\"column\"> <h2  class=\"\">Como posso ajudar ?<\/h2> <p  class=\"lead\">Voc\u00ea pode colaborar com os nossos programas de assist\u00eancia social que ajudam centenas de pessoas todos os meses.<\/p><\/div> <\/div> <div  class=\"row spaced-cols\" data-type=\"row\">  <div  class=\"col-sm-6\"> <div  class=\"card row-card bordered y-move\"> <div  class=\"row\"> <div  class=\"col-sm-fit icon-column\"> <i  class=\"fa icon color2 fa-shopping-cart bordered round\"><\/i> <\/div> <div  class=\"col-sm\" data-type=\"column\"> <h5  class=\"color2\">DOA\u00c7\u00c3O DE MANTIMENTOS<\/h5> <p  class=\"\">A doa\u00e7\u00e3o de mantimentos pode ser realizada aos s\u00e1bados, das 9:00 \u00e0s 14:00hs.\n<br ><br >Os itens que comp\u00f5em nossa cesta s\u00e3o:\n<br >Arroz (5Kg), Feij\u00e3o, A\u00e7ucar e Sal(Pacotes de 1kg),&nbsp;Fuba de milho(Pacote de 500g),\n<br >Garrafa de \u00f3leo, Molho de tomate, Macarr\u00e3o e Biscoito\/Bolacha (Pacote de 300\/400g) e Achocolatado.<\/p><\/div> <\/div><\/div> <\/div> <div  class=\"col-sm-6\"> <div  class=\"card row-card bordered y-move\"> <div  class=\"row\"> <div  class=\"col-sm-fit icon-column\"> <i  class=\"fa icon fa-cube round bordered color2\"><\/i> <\/div> <div  class=\"col-sm\" data-type=\"column\"> <h5  class=\"color2\">DOA\u00c7\u00c3O DE ROUPAS E CAL\u00c7ADOS<\/h5> <p  class=\"\">Realizamos a distribui\u00e7\u00e3o de roupas e sapatos para pessoas carentes, sendo a&nbsp; maioria homens. Assim, necessitamos de doa\u00e7\u00f5es principalmente masculinas.<br ><br >A doa\u00e7\u00f5es de roupas e cal\u00e7ados podem ser entregues em nossa sede aos s\u00e1bados, das 9:00 \u00e0s 14:00hs.&nbsp;<\/p><\/div> <\/div><\/div> <\/div> <div  class=\"col-sm-6\"> <div  class=\"card row-card bordered y-move\"> <div  class=\"row\"> <div  class=\"col-sm-fit icon-column\"> <i  class=\"fa icon color2 fa-money bordered round\"><\/i> <\/div> <div  class=\"col-sm\" data-type=\"column\"> <h5  class=\"color2\">DOA\u00c7\u00c3O FINANCEIRA<\/h5> <p  class=\"\">Dados banc\u00e1rios para doa\u00e7\u00e3o:<br >Banco : Ita\u00fa \u2013 341 <br >Ag\u00eancia: 0176<br >Conta Corrente: 70157-1<br >CNPJ: 62.656.103\/0001-61<br >Ap\u00f3s fazer o dep\u00f3sito\/transfer\u00eancia, por favor, nos envie o comprovate para a emiss\u00e3o do recibo,  para o endere\u00e7o:  financeiro@centroubiratan.com<\/p><\/div> <\/div><\/div> <\/div><\/div> <\/div><\/div><div  id=\"atividades\" style=\"background-color: rgb(255, 255, 255); background-image: none;\" data-label=\"Atividades\" data-id=\"features-16-card-bordered-mc\" data-export-id=\"features-16-card-bordered-mc\" data-bullets-visibility=\"true\" data-category=\"features\" class=\"features-16-card-bordered-mc content-section content-section-spacing\"><div  class=\"gridContainer\"> <div  class=\"row text-center\"><div  class=\"section-title-col\" data-type=\"column\"> <h5  class=\"\"><\/h5> <h2  class=\"\">Nossas atividades<\/h2> <p  class=\"lead\">Nosso centro desenvolve e oferece v\u00e1rias atividades com o objetivo de prestar a assit\u00eancia espiritual e material e divulgar a Doutrina dos Esp\u00edritos.<\/p><\/div> <\/div> <div  class=\"row spaced-cols\" data-type=\"row\"> <div  class=\"col-xs-12 col-sm-6 col-md-4 \"> <div  class=\"card no-padding bordered y-move\"> <a  data-cp-link=\"1\" href=\"https:\/\/centroubiratan.com?page_id=16\" target=\"_self\" class=\"\" rel=\"noopener noreferrer\"><img  decoding=\"async\" class=\"face\" src=\"https:\/\/centroubiratan.com\/wp-content\/uploads\/2020\/03\/cropped-clasped-hands-541849_1920-4.jpg\" alt=\"\" title=\"cropped-clasped-hands-541849_1920-3.jpg\"><\/a> <div  data-type=\"column\" class=\"col-padding-small col-padding-small-xs description-container\"> <h4  class=\"font-500\">Assist\u00eancia<\/h4> <p  class=\"\">\u201cFora da caridade n\u00e3o h\u00e1 salva\u00e7\u00e3o\u201d  Allan Kardec<br ><br >Seguindo a orienta\u00e7\u00e3o do Evangelho de Jesus, nossa casa oferece assist\u00eancia material e espiritual em diversas atividades.<\/p><\/div> <div  data-type=\"column\" class=\"col-padding-small col-padding-small-xs read-more-container\"><a  class=\"read-more\" href=\"https:\/\/centroubiratan.com?page_id=16\" target=\"_self\" data-cp-link=\"1\" rel=\"noopener noreferrer\">Saiba mais<\/a><\/div> <\/div><\/div> <div  class=\"col-xs-12 col-sm-6 col-md-4 \"><div  class=\"card no-padding bordered y-move\"> <a  data-cp-link=\"1\" href=\"https:\/\/centroubiratan.com?page_id=18\" target=\"_self\" class=\"\" rel=\"noopener noreferrer\"><img  decoding=\"async\" class=\"face\" src=\"https:\/\/centroubiratan.com\/wp-content\/uploads\/2020\/03\/cropped-jesus-ensinando-3.jpg\" alt=\"\" title=\"cropped-jesus-ensinando.jpg\"><\/a> <div  data-type=\"column\" class=\"col-padding-small col-padding-small-xs description-container\"> <h4  class=\"font-500\">Ensino e Divulga\u00e7\u00e3o<\/h4> <p  class=\"\">\u201cA maior caridade que podemos fazer pela Doutrina Esp\u00edrita \u00e9 a sua pr\u00f3pria divulga\u00e7\u00e3o\u201d Emmanuel\n<br ><br >Nossa casa oferece palestras e cursos de ensino da Doutrina Esp\u00edrita  e de Desenvolvimento Medi\u00fanico.<\/p><\/div> <div  data-type=\"column\" class=\"col-padding-small col-padding-small-xs read-more-container\"><a  class=\"read-more\" href=\"https:\/\/centroubiratan.com?page_id=18\" target=\"_self\" data-cp-link=\"1\" rel=\"noopener noreferrer\">Saiba mais<\/a><\/div> <\/div><\/div> <div  class=\"col-xs-12 col-sm-6 col-md-4 \"><div  class=\"card no-padding bordered y-move\"> <a  data-cp-link=\"1\" href=\"https:\/\/centroubiratan.com?page_id=20\" target=\"_self\" class=\"\" rel=\"noopener noreferrer\"><img  decoding=\"async\" class=\"face\" src=\"https:\/\/centroubiratan.com\/wp-content\/uploads\/2020\/03\/cropped-school-1782427_1920-2.jpg\" alt=\"\" title=\"cropped-school-1782427_1920-1.jpg\"><\/a> <div  data-type=\"column\" class=\"col-padding-small col-padding-small-xs description-container\"> <h4  class=\"font-500\">Evangeliza\u00e7\u00e3o Infanto Juvenil<\/h4> <p  class=\"\">\u201cDeixai vir a mim os pequeninos\u201d Jesus<br ><br >Realizamos  o trabalho de Evangeliza\u00e7\u00e3o Infantojuvenil e Mocidade Esp\u00edrita , onde&nbsp;procuramos transmitir o conhecimento da Doutrina Esp\u00edrita e da Moral Evang\u00e9lica pregada por Jesus.<\/p><\/div> <div  data-type=\"column\" class=\"col-padding-small col-padding-small-xs read-more-container\"><a  class=\"read-more\" href=\"https:\/\/centroubiratan.com?page_id=20\" target=\"_self\" data-cp-link=\"1\" rel=\"noopener noreferrer\">Saiba mais<\/a><\/div> <\/div><\/div> <\/div><\/div> <\/div><div  id=\"espiritismo\" style=\"background-color: rgb(245, 250, 253); background-image: none;\" data-label=\"Espiritismo\" data-id=\"content-7-mc\" data-export-id=\"content-7-mc\" data-category=\"content\" class=\"content-7-mc content-section content-section-spacing\" data-bullets-visibility=\"true\"><div  class=\"gridContainer\"> <div  class=\"row middle-sm\"><div  class=\"col-sm-6 space-bottom-xs\" data-type=\"column\"> <h2  class=\"\">Hist\u00f3ria do Espiritismo<\/h2> <p  class=\"\">No s\u00e9culo 19, um fen\u00f4meno agitou a Europa: as mesas girantes. Nos sal\u00f5es elegantes, ap\u00f3s os saraus, as mesas eram alvo de curiosidade e de extensas reportagens, pois moviam-se, erguiam-se no ar e respondiam a quest\u00f5es mediante batidas no ch\u00e3o (tiptologia). O fen\u00f4meno chamou a aten\u00e7\u00e3o de um pesquisador s\u00e9rio, disc\u00edpulo do c\u00e9lebre Johann Pestalozzi: Hippolyte Leon Denizard Rivail.<br ><br >Rivail, pedagogo franc\u00eas, fluente em diversos idiomas, autor de livros did\u00e1ticos e adepto de rigoroso m\u00e9todo de investiga\u00e7\u00e3o cient\u00edfica n\u00e3o aceitou de imediato os fen\u00f4menos das mesas girantes, mas estudou-os atentamente, observou que uma for\u00e7a inteligente as movia e investigou a natureza dessa for\u00e7a, que se identificou como dos \u201cEsp\u00edritos dos homens\u201d que haviam morrido. Rivail fez centenas de perguntas aos Esp\u00edritos, analisou as respostas, comparou-as e codificou-as, tudo submetendo ao crivo da raz\u00e3o, n\u00e3o aceitando e n\u00e3o divulgando nada que n\u00e3o passasse por esse crivo. Assim nasceu O Livro dos Esp\u00edritos. O professor Rivail imortalizou-se adotando o pseud\u00f4nimo de Allan Kardec.<br ><br >A Doutrina codificada por ele tem car\u00e1ter cient\u00edfico, religioso e filos\u00f3fico. Essa proposta de alian\u00e7a da Ci\u00eancia com a Religi\u00e3o est\u00e1 expressa em uma das m\u00e1ximas de Kardec, no livro A G\u00eanese. O espiritismo, marchando com o progresso, jamais ser\u00e1 ultrapassado porque, se novas descobertas demonstrassem estar em erro sobre um certo ponto, ele se modificaria sobre esse ponto; se uma nova verdade se revelar, ele a aceitar\u00e1?.<br ><br >Fonte: Federa\u00e7\u00e3o Esp\u00edrita do Brasil<br >www.febnet.org.br<\/p> <a  class=\"button color1\" href=\"https:\/\/www.febnet.org.br\/portal\" target=\"_blank\" data-cp-link=\"1\" rel=\"noopener noreferrer\">Saiba mais<\/a><\/div> <div  class=\"col-sm-6\" data-type=\"column\"> <a  data-cp-link=\"1\" href=\"https:\/\/www.febnet.org.br\/portal\" class=\"\" target=\"_self\" rel=\"noopener noreferrer\"><img  decoding=\"async\" class=\"shadow-large\" src=\"https:\/\/centroubiratan.com\/wp-content\/uploads\/2020\/03\/cropped-Allan-Kardec-2.jpg\" alt=\"\" title=\"cropped-Allan-Kardec-1.jpg\"><\/a><\/div> <\/div><\/div> <\/div><div  data-label=\"Horarios\" data-id=\"about--2\" data-export-id=\"about-10\" data-category=\"about\" class=\"about-10 content-section content-section-spacing\" id=\"horarios\" style=\"background-color: rgb(255, 255, 255); background-image: none;\" data-bullets-visibility=\"true\"><div  class=\"gridContainer\"> <div  class=\"row middle-sm text-center\"><div  class=\"col-sm-5 space-bottom-xs content-column\" data-type=\"column\"> <h5  class=\"\">Nosso funcionamento<\/h5> <h2  class=\"\">Dias e Hor\u00e1rios<\/h2> <p  class=\"\">Ter\u00e7a-feira\n<br >19:00hs \u2013 Triagem e entrega de senhas<br >19:30hs \u2013 Palestra\n<br >20:00hs \u2013 Aplica\u00e7\u00e3o de passes<br ><br >Sexta-feira\n<br >18:30hs \u2013 Triagem e atendimento fraterno<br >19:30hs \u2013 Palestra<br >20:00hs \u2013 Aplica\u00e7\u00e3o de Passes<br ><br >S\u00e1bado<br >11:30hs \u2013 Sopa para os irm\u00e3os carentes\n<br >17:30hs \u2013 Atendimento fraterno<br >18:00hs \u2013 Palestra e aplica\u00e7\u00e3o de passes<\/p> <\/div> <div  class=\"col-sm-7 flexbox middle-xs center-xs space-bottom-xs\"><div  class=\"overlay-box middle-xs center-xs flexbox\"> <div  class=\"overlay-box-offset offset-border shadow-medium border-color1 hide-xs\"><\/div> <a  data-cp-link=\"1\" href=\"#\" target=\"_self\" rel=\"noopener noreferrer\"><img  decoding=\"async\" class=\"shadow-large\" data-size=\"485x705\" src=\"https:\/\/centroubiratan.com\/wp-content\/uploads\/2020\/03\/cropped-bridal-veil-fall-52449_1920-4.jpg\" alt=\"\" title=\"cropped-bridal-veil-fall-52449_1920-3.jpg\"><\/a><\/div> <\/div><\/div> <\/div><\/div><div  id=\"artigos\" style=\"background-color: rgb(245, 250, 253); background-image: none;\" data-label=\"Artigos\" data-id=\"blog-section-mc\" data-export-id=\"blog-section-mc\" data-category=\"latest_news\" class=\"blog-section-mc blog-section-standard content-section content-section-spacing\" data-bullets-visibility=\"true\"><div  class=\"gridContainer\"> <div  class=\"row\"><div  data-type=\"column\" class=\"section-title-col\"> <h5  class=\"\">Nosso blog<\/h5> <h2  class=\"\">Artigos e Not\u00edcias<\/h2> <p  class=\"lead\"><\/p><\/div> <\/div> <div  class=\"row\"> <div  data-type=\"row\" data-dynamic-columns=\"handled\" data-content-shortcode=\"mesmerize_latest_news posts=&quot;3&quot;\">\t\t<div class=\"row center-sm content-left-sm\">\n\t\t\t\t\t<div id=\"post-1073\" class=\"col-sm-6 col-md-4 space-bottom space-bottom-xs\">\n\t\t\t\t<div class=\"post-content card y-move bordered\">\n\t\t\t\t\t<div class=\"post-thumbnail\">\n   <a href=\"https:\/\/centroubiratan.com\/?p=1073\" class=\"post-list-item-thumb \">\n      <img loading=\"lazy\" decoding=\"async\" width=\"740\" height=\"481\" src=\"https:\/\/centroubiratan.com\/wp-content\/uploads\/2023\/08\/silhueta-de-passaros-voando-e-correntes-quebradas_488220-17542.webp\" class=\"attachment-post-thumbnail size-post-thumbnail wp-post-image\" alt=\"\" srcset=\"https:\/\/centroubiratan.com\/wp-content\/uploads\/2023\/08\/silhueta-de-passaros-voando-e-correntes-quebradas_488220-17542.webp 740w, https:\/\/centroubiratan.com\/wp-content\/uploads\/2023\/08\/silhueta-de-passaros-voando-e-correntes-quebradas_488220-17542-300x195.webp 300w\" sizes=\"auto, (max-width: 740px) 100vw, 740px\" \/>   <\/a>\n<\/div>\n\t\t\t\t\t<div class=\"col-padding col-padding-xs\">\n\t\t\t\t\t\t<h3 class=\"post-title space-bottom-small\">\n\t\t\t\t\t\t\t<a href=\"https:\/\/centroubiratan.com\/?p=1073\" rel=\"bookmark\">\n\t\t\t\t\t\t\t\tA Cura da Obsess\u00e3o\t\t\t\t\t\t\t<\/a>\n\t\t\t\t\t\t<\/h3>\n\t\t\t\t\t\t<p>Voc\u00ea \u00e9 um ser humano adulto e consciente, respons\u00e1vel pelo seu comportamento. Controle as suas ideias, rejeite os pensamentos inferiores e perturbadores, estimule as suas tend\u00eancias boas e repila as[&hellip;]<\/p>\n\t\t\t\t\t\t<a class=\"read-more link\" href=\"https:\/\/centroubiratan.com\/?p=1073\">\n\t\t\t\t\t\t\tRead more\t\t\t\t\t\t<\/a>\n\t\t\t\t\t<\/div>\n\t\t\t\t<\/div>\n\t\t\t<\/div>\n\t\t\t\t\t\t<div id=\"post-747\" class=\"col-sm-6 col-md-4 space-bottom space-bottom-xs\">\n\t\t\t\t<div class=\"post-content card y-move bordered\">\n\t\t\t\t\t<div class=\"post-thumbnail\">\n   <a href=\"https:\/\/centroubiratan.com\/?p=747\" class=\"post-list-item-thumb \">\n      <img loading=\"lazy\" decoding=\"async\" width=\"270\" height=\"205\" src=\"https:\/\/centroubiratan.com\/wp-content\/uploads\/2021\/03\/a-mulher-samaritana-e-jesus.jpeg\" class=\"attachment-post-thumbnail size-post-thumbnail wp-post-image\" alt=\"\" \/>   <\/a>\n<\/div>\n\t\t\t\t\t<div class=\"col-padding col-padding-xs\">\n\t\t\t\t\t\t<h3 class=\"post-title space-bottom-small\">\n\t\t\t\t\t\t\t<a href=\"https:\/\/centroubiratan.com\/?p=747\" rel=\"bookmark\">\n\t\t\t\t\t\t\t\tA Mulher Ante o Cristo\t\t\t\t\t\t\t<\/a>\n\t\t\t\t\t\t<\/h3>\n\t\t\t\t\t\t<p>Toda vez que nos dispomos a considerar a mulher em plano inferior, lembremo-nos dela, ao tempo de Jesus. H\u00e1 vinte s\u00e9culos, com exce\u00e7\u00e3o das patr\u00edcias do Imp\u00e9rio, quase todas as[&hellip;]<\/p>\n\t\t\t\t\t\t<a class=\"read-more link\" href=\"https:\/\/centroubiratan.com\/?p=747\">\n\t\t\t\t\t\t\tRead more\t\t\t\t\t\t<\/a>\n\t\t\t\t\t<\/div>\n\t\t\t\t<\/div>\n\t\t\t<\/div>\n\t\t\t\t\t\t<div id=\"post-622\" class=\"col-sm-6 col-md-4 space-bottom space-bottom-xs\">\n\t\t\t\t<div class=\"post-content card y-move bordered\">\n\t\t\t\t\t<div class=\"post-thumbnail\">\n   <a href=\"https:\/\/centroubiratan.com\/?p=622\" class=\"post-list-item-thumb \">\n      <img loading=\"lazy\" decoding=\"async\" width=\"1024\" height=\"576\" src=\"https:\/\/centroubiratan.com\/wp-content\/uploads\/2020\/11\/chico_xavier_capa_widexl-1024x576.jpg\" class=\"attachment-post-thumbnail size-post-thumbnail wp-post-image\" alt=\"\" srcset=\"https:\/\/centroubiratan.com\/wp-content\/uploads\/2020\/11\/chico_xavier_capa_widexl-1024x576.jpg 1024w, https:\/\/centroubiratan.com\/wp-content\/uploads\/2020\/11\/chico_xavier_capa_widexl-300x169.jpg 300w, https:\/\/centroubiratan.com\/wp-content\/uploads\/2020\/11\/chico_xavier_capa_widexl-768x432.jpg 768w, https:\/\/centroubiratan.com\/wp-content\/uploads\/2020\/11\/chico_xavier_capa_widexl-e1605637348552.jpg 600w\" sizes=\"auto, (max-width: 1024px) 100vw, 1024px\" \/>   <\/a>\n<\/div>\n\t\t\t\t\t<div class=\"col-padding col-padding-xs\">\n\t\t\t\t\t\t<h3 class=\"post-title space-bottom-small\">\n\t\t\t\t\t\t\t<a href=\"https:\/\/centroubiratan.com\/?p=622\" rel=\"bookmark\">\n\t\t\t\t\t\t\t\tLembran\u00e7as \u00dateis\t\t\t\t\t\t\t<\/a>\n\t\t\t\t\t\t<\/h3>\n\t\t\t\t\t\t<p>N\u00e3o viva pedindo orienta\u00e7\u00e3o espiritual, indefinidamente. Se voc\u00ea j\u00e1 possui duas semanas de conhecimento crist\u00e3o, sabe, \u00e0 saciedade, o que fazer. N\u00e3o gaste suas energias, tentando consertar os outros de[&hellip;]<\/p>\n\t\t\t\t\t\t<a class=\"read-more link\" href=\"https:\/\/centroubiratan.com\/?p=622\">\n\t\t\t\t\t\t\tRead more\t\t\t\t\t\t<\/a>\n\t\t\t\t\t<\/div>\n\t\t\t\t<\/div>\n\t\t\t<\/div>\n\t\t\t\t<\/div>\n\t<\/div><\/div> <div  class=\"row\"><div  class=\"text-center\"> <a  class=\"button color1\" data-attr-shortcode=\"href:mesmerize_blog_link\" href=\"https:\/\/centroubiratan.com\/?page_id=12\">Nosso blog<\/a><\/div> <\/div><\/div><\/div><div  data-label=\"Privacidade\" data-id=\"cta--1\" data-export-id=\"cta-blue-section-mc\" data-category=\"cta\" class=\"cta-blue-section-mc content-section content-section-spacing le_cocktail white-text\" id=\"privacidade\" style=\"background-color: rgb(255, 255, 255);\" data-bullets-visibility=\"true\"><div  class=\"gridContainer\"> <div  class=\"row middle-xs\"><div  class=\"col-sm-8 space-bottom-xs\" data-type=\"column\"> <h2  class=\"\">Pol\u00edtica de Privacidade<\/h2> <\/div> <div  class=\"col-sm-4 end-sm\" data-type=\"column\"> <a  class=\"button color2\" href=\"https:\/\/centroubiratan.com?page_id=769\" target=\"_self\" data-cp-link=\"1\" rel=\"noopener\">Acesse a Pol\u00edtica<\/a><\/div> <\/div><\/div> <\/div>","protected":false},"excerpt":{"rendered":"<p>Curso Curso de Espiritismo e Desenvolvimento Medi\u00fanico Deseja conhecer mais sobre a Doutrina Esp\u00edrita?Temos o curso completo, baseado nas obras b\u00e1sicas de Allan Kardec e nas obras complementares de Chico Xavier e demais autores.Aulas te\u00f3ricas e pr\u00e1ticasTurmas: Quinta-feira: Das 19:45 \u00e0s 22:00S\u00e1bado: Das 14:45 \u00e0s 17:00 Inscri\u00e7\u00f5es e informa\u00e7\u00f5es:&nbsp;contato@centroubiratan.com Contato Evangeliza\u00e7\u00e3o Infantojuvenil e Mocidade Esp\u00edrita&hellip; <br \/> <a class=\"read-more\" href=\"https:\/\/centroubiratan.com\/?p=622\">Leia mais<\/a><\/p>\n","protected":false},"author":1,"featured_media":0,"parent":0,"menu_order":0,"comment_status":"closed","ping_status":"closed","template":"page-templates\/homepage.php","meta":{"_coblocks_attr":"","_coblocks_dimensions":"","_coblocks_responsive_height":"","_coblocks_accordion_ie_support":"","footnotes":""},"class_list":["post-11","page","type-page","status-publish","hentry"],"_hostinger_reach_plugin_has_subscription_block":false,"_hostinger_reach_plugin_is_elementor":false,"_links":{"self":[{"href":"https:\/\/centroubiratan.com\/index.php?rest_route=\/wp\/v2\/pages\/11","targetHints":{"allow":["GET"]}}],"collection":[{"href":"https:\/\/centroubiratan.com\/index.php?rest_route=\/wp\/v2\/pages"}],"about":[{"href":"https:\/\/centroubiratan.com\/index.php?rest_route=\/wp\/v2\/types\/page"}],"author":[{"embeddable":true,"href":"https:\/\/centroubiratan.com\/index.php?rest_route=\/wp\/v2\/users\/1"}],"replies":[{"embeddable":true,"href":"https:\/\/centroubiratan.com\/index.php?rest_route=%2Fwp%2Fv2%2Fcomments&post=11"}],"version-history":[{"count":5,"href":"https:\/\/centroubiratan.com\/index.php?rest_route=\/wp\/v2\/pages\/11\/revisions"}],"predecessor-version":[{"id":1385,"href":"https:\/\/centroubiratan.com\/index.php?rest_route=\/wp\/v2\/pages\/11\/revisions\/1385"}],"wp:attachment":[{"href":"https:\/\/centroubiratan.com\/index.php?rest_route=%2Fwp%2Fv2%2Fmedia&parent=11"}],"curies":[{"name":"wp","href":"https:\/\/api.w.org\/{rel}","templated":true}]}}