{"id":16,"date":"2020-03-30T13:51:10","date_gmt":"2020-03-30T13:51:10","guid":{"rendered":"http:\/\/centroubir.dominiotemporario.com\/?page_id=16"},"modified":"2023-10-17T14:16:46","modified_gmt":"2023-10-17T17:16:46","slug":"assistencia","status":"publish","type":"page","link":"https:\/\/centroubiratan.com\/?page_id=16","title":{"rendered":"Assist\u00eancia"},"content":{"rendered":"<p>\n<!--StartFragment--><\/p>\n\n\n<p class=\"has-very-dark-gray-color has-text-color\"><strong>Doa\u00e7\u00e3o de sopa:<\/strong> &nbsp;Desde  a sua funda\u00e7\u00e3o, o CEU entrega todas as semanas a sopa dos pobres.  Atualmente entregamos em m\u00e9dia 700 pratos de sopa por semana, atendendo  em m\u00e9dia 300 pessoas carentes.<\/p>\n\n\n\n<p class=\"has-very-dark-gray-color has-text-color\">Todos os s\u00e1bados,&nbsp;das 11:30 a 13:30hs.<\/p>\n\n\n\n<p class=\"has-very-dark-gray-color has-text-color\"><strong>Entrega de cesta b\u00e1sica:<\/strong>&nbsp; Distribui\u00e7\u00e3o de mantimentos para cerca de 150 fam\u00edlias carentes previamente cadastradas.<\/p>\n\n\n\n<p class=\"has-very-dark-gray-color has-text-color\">Todo a&nbsp; \u00faltima ter\u00e7a-feira de cada m\u00eas.<\/p>\n\n\n\n<p class=\"has-very-dark-gray-color has-text-color\"><strong>Encontro com Jesus:<\/strong> Realizado em um domingo a cada trimestre, s\u00e3o oferecidos corte de cabelo, caf\u00e9 da manh\u00e3, roupas e cal\u00e7ados aos irm\u00e3os mais necessitado. <br><a href=\"mailto:das@centroubiratan.com\"><\/a><\/p>\n\n\n<p><!--EndFragment--><\/p>","protected":false},"excerpt":{"rendered":"<p>Doa\u00e7\u00e3o de sopa: &nbsp;Desde a sua funda\u00e7\u00e3o, o CEU entrega todas as semanas a sopa dos pobres. Atualmente entregamos em m\u00e9dia 700 pratos de sopa por semana, atendendo em m\u00e9dia 300 pessoas carentes. Todos os s\u00e1bados,&nbsp;das 11:30 a 13:30hs. Entrega de cesta b\u00e1sica:&nbsp; Distribui\u00e7\u00e3o de mantimentos para cerca de 150 fam\u00edlias carentes previamente cadastradas. Todo&hellip; <br \/> <a class=\"read-more\" href=\"https:\/\/centroubiratan.com\/?page_id=16\">Leia mais<\/a><\/p>\n","protected":false},"author":1,"featured_media":42,"parent":0,"menu_order":0,"comment_status":"closed","ping_status":"closed","template":"","meta":{"nf_dc_page":"","_coblocks_attr":"","_coblocks_dimensions":"","_coblocks_responsive_height":"","_coblocks_accordion_ie_support":"","footnotes":""},"class_list":["post-16","page","type-page","status-publish","has-post-thumbnail","hentry"],"_hostinger_reach_plugin_has_subscription_block":false,"_hostinger_reach_plugin_is_elementor":false,"_links":{"self":[{"href":"https:\/\/centroubiratan.com\/index.php?rest_route=\/wp\/v2\/pages\/16","targetHints":{"allow":["GET"]}}],"collection":[{"href":"https:\/\/centroubiratan.com\/index.php?rest_route=\/wp\/v2\/pages"}],"about":[{"href":"https:\/\/centroubiratan.com\/index.php?rest_route=\/wp\/v2\/types\/page"}],"author":[{"embeddable":true,"href":"https:\/\/centroubiratan.com\/index.php?rest_route=\/wp\/v2\/users\/1"}],"replies":[{"embeddable":true,"href":"https:\/\/centroubiratan.com\/index.php?rest_route=%2Fwp%2Fv2%2Fcomments&post=16"}],"version-history":[{"count":1,"href":"https:\/\/centroubiratan.com\/index.php?rest_route=\/wp\/v2\/pages\/16\/revisions"}],"predecessor-version":[{"id":1174,"href":"https:\/\/centroubiratan.com\/index.php?rest_route=\/wp\/v2\/pages\/16\/revisions\/1174"}],"wp:featuredmedia":[{"embeddable":true,"href":"https:\/\/centroubiratan.com\/index.php?rest_route=\/wp\/v2\/media\/42"}],"wp:attachment":[{"href":"https:\/\/centroubiratan.com\/index.php?rest_route=%2Fwp%2Fv2%2Fmedia&parent=16"}],"curies":[{"name":"wp","href":"https:\/\/api.w.org\/{rel}","templated":true}]}}