{"id":171,"date":"2020-03-30T19:13:04","date_gmt":"2020-03-30T19:13:04","guid":{"rendered":"http:\/\/centroubir.dominiotemporario.com\/?page_id=171"},"modified":"2020-12-22T17:38:04","modified_gmt":"2020-12-22T20:38:04","slug":"preces-e-mensagens","status":"publish","type":"page","link":"https:\/\/centroubiratan.com\/?page_id=171","title":{"rendered":"Preces e Mensagens"},"content":{"rendered":"\n<div class=\"wp-block-media-text alignwide is-stacked-on-mobile is-vertically-aligned-center\" style=\"grid-template-columns:15% auto\"><figure class=\"wp-block-media-text__media\"><img loading=\"lazy\" decoding=\"async\" width=\"338\" height=\"517\" src=\"https:\/\/centroubiratan.com\/wp-content\/uploads\/2020\/12\/Audios-Romualdo-Joaquim-Martins-mp3-image.jpg\" alt=\"\" class=\"wp-image-670\" srcset=\"https:\/\/centroubiratan.com\/wp-content\/uploads\/2020\/12\/Audios-Romualdo-Joaquim-Martins-mp3-image.jpg 338w, https:\/\/centroubiratan.com\/wp-content\/uploads\/2020\/12\/Audios-Romualdo-Joaquim-Martins-mp3-image-196x300.jpg 196w\" sizes=\"auto, (max-width: 338px) 100vw, 338px\" \/><\/figure><div class=\"wp-block-media-text__content\">\n<p class=\"has-black-color has-text-color has-custom-font\" style=\"font-size:32px;font-family:Helvetica\">Mensagens do Sr. Romualdo Joaquim Martins<\/p>\n<\/div><\/div>\n\n\n\n<figure class=\"wp-block-audio\"><audio controls src=\"https:\/\/centroubiratan.com\/wp-content\/uploads\/2020\/12\/Audios-Romualdo-Joaquim-Martins.mp3\"><\/audio><\/figure>\n\n\n\n<hr class=\"wp-block-separator has-text-color has-background has-black-background-color has-black-color is-style-wide\"\/>\n\n\n\n<div class=\"wp-block-coblocks-row coblocks-row-112217828486\" data-columns=\"1\" data-layout=\"100\"><div class=\"wp-block-coblocks-row__inner has-no-padding has-no-margin is-stacked-on-mobile has-medium-gutter\">\n<div class=\"wp-block-coblocks-column coblocks-column-112217830853\" style=\"width:100%\"><div class=\"wp-block-coblocks-column__inner has-padding has-margin has-large-margin\"><\/div><\/div>\n<\/div><\/div>\n\n\n<h3><span style=\"color: #000000;\"><strong>Ora\u00e7\u00e3o de Ubiratan<\/strong><\/span><\/h3>\n<p><span style=\"color: #000000;\">Eu creio, meu Deus, na fraternidade dos bons Esp\u00edritos e deles espero o aux\u00edlio de que necessito.<\/span><\/p>\n<p><span style=\"color: #000000;\">Assumi comigo mesmo o compromisso de, em secreto, pedir for\u00e7as para os Esp\u00edritos que est\u00e3o sustentando a Casa de Ubiratan; for\u00e7as para seus M\u00e9diuns se fortalecerem na virtude; for\u00e7as para que seus associados assumam compromissos magnos para iniciativas de maior f\u00f4lego; for\u00e7as para que seja aumentada aos doentes a possibilidade de curas; for\u00e7as para provis\u00e3o de recursos aos necessitados; e for\u00e7as para que o amor de Deus se manifeste em toda sua plenitude.<\/span><\/p>\n<p><span style=\"color: #000000;\">Eu, que me arrasto na prova\u00e7\u00e3o, tive hoje uma alegria preparada pelo Esp\u00edrito de Ubiratan \u00e0 minha revelia.<\/span><\/p>\n<p><span style=\"color: #000000;\">Eu pe\u00e7o, meu Deus, que outros, muitos outros, possam gozar da mesma alegria e do mesmo benef\u00edcio. Eu pe\u00e7o, meu Deus, que prolongueis a vida desses servos que est\u00e3o nesse caminho e que os mantenhais unidos e fraternos, fortalecendo-os e amparando-os para que sua alma se abrigue, seu corpo se refa\u00e7a e seu entendimento se esclare\u00e7a.<\/span><\/p>\n<p><span style=\"color: #000000;\">Assim seja!<\/span><\/p>\n\n\n\n\n<hr class=\"wp-block-separator has-text-color has-background has-black-background-color has-black-color is-style-wide\"\/>\n\n\n<h3><span style=\"color: #000000;\"><strong>Prece de C\u00e1ritas<\/strong><\/span><\/h3>\n<p><span style=\"color: #000000;\">Deus nosso Pai, que Sois todo poder e bondade,<\/span><br \/><span style=\"color: #000000;\">dai for\u00e7a \u00e0queles que passam pela prova\u00e7\u00e3o,<\/span><br \/><span style=\"color: #000000;\">dai luz \u00e0queles que procuram a verdade,<\/span><br \/><span style=\"color: #000000;\">e ponde no cora\u00e7\u00e3o do homem a compaix\u00e3o e a caridade.<\/span><\/p>\n<p><span style=\"color: #000000;\">Deus, dai ao viajante a estrela Guia,<\/span><br \/><span style=\"color: #000000;\">ao aflito a consola\u00e7\u00e3o,<\/span><br \/><span style=\"color: #000000;\">ao doente o repouso.<\/span><\/p>\n<p><span style=\"color: #000000;\">Pai, dai ao culpado o arrependimento,<\/span><br \/><span style=\"color: #000000;\">ao esp\u00edrito, a verdade,<\/span><br \/><span style=\"color: #000000;\">\u00e0 crian\u00e7a o guia,<\/span><br \/><span style=\"color: #000000;\">ao \u00f3rf\u00e3o, o pai.<\/span><br \/><span style=\"color: #000000;\">Que a vossa bondade se estenda sobre tudo que criaste.<\/span><br \/><span style=\"color: #000000;\">Piedade, Senhor, para aqueles que n\u00e3o Vos conhecem, e<\/span><br \/><span style=\"color: #000000;\">esperan\u00e7a para aqueles que sofrem.<\/span><br \/><span style=\"color: #000000;\">Que a Vossa bondade permita aos esp\u00edritos consoladores, derramarem por toda \u00e0 parte a paz, a esperan\u00e7a e a f\u00e9.<\/span><\/p>\n<p><span style=\"color: #000000;\">Deus, um raio, uma fa\u00edsca do Vosso divino amor pode abrasar a Terra, deixai-nos beber na fonte dessa bondade fecunda e infinita, e todas as l\u00e1grimas secar\u00e3o, todas as dores acalmar-se-\u00e3o.<\/span><br \/><span style=\"color: #000000;\">Um s\u00f3 cora\u00e7\u00e3o, um s\u00f3 pensamento subir\u00e1 at\u00e9 V\u00f3s,<\/span><br \/><span style=\"color: #000000;\">como um grito de reconhecimento e de amor.<\/span><br \/><span style=\"color: #000000;\">Como Mois\u00e9s sobre a montanha,<\/span><br \/><span style=\"color: #000000;\">n\u00f3s Vos esperamos com os bra\u00e7os abertos.<\/span><br \/><span style=\"color: #000000;\">Oh! bondade, Oh! Poder, Oh! beleza, Oh! perfei\u00e7\u00e3o,<\/span><br \/><span style=\"color: #000000;\">queremos de alguma sorte merecer Vossa miseric\u00f3rdia.<\/span><\/p>\n<p><span style=\"color: #000000;\">Deus, dai-nos a for\u00e7a no progresso de subir at\u00e9 V\u00f3s,<\/span><br \/><span style=\"color: #000000;\">Dai-nos a caridade pura,<\/span><br \/><span style=\"color: #000000;\">Dai-nos a f\u00e9 e a raz\u00e3o,<\/span><br \/><span style=\"color: #000000;\">Dai-nos a simplicidade que far\u00e1 de nossas almas<\/span><br \/><span style=\"color: #000000;\">O espelho onde refletir\u00e1 um dia a Vossa Sant\u00edssima imagem.<\/span><\/p>\n<p><span style=\"color: #000000;\">Que assim seja.<\/span><\/p>\n<hr class=\"wp-block-separator has-text-color has-background has-black-background-color has-black-color is-style-wide\" \/>\n<p>\u00a0<\/p>\n\n\n<p><\/p>\n","protected":false},"excerpt":{"rendered":"<p>Mensagens do Sr. Romualdo Joaquim Martins Ora\u00e7\u00e3o de Ubiratan Eu creio, meu Deus, na fraternidade dos bons Esp\u00edritos e deles espero o aux\u00edlio de que necessito. Assumi comigo mesmo o compromisso de, em secreto, pedir for\u00e7as para os Esp\u00edritos que est\u00e3o sustentando a Casa de Ubiratan; for\u00e7as para seus M\u00e9diuns se fortalecerem na virtude; for\u00e7as&hellip; <br \/> <a class=\"read-more\" href=\"https:\/\/centroubiratan.com\/?page_id=171\">Leia mais<\/a><\/p>\n","protected":false},"author":1,"featured_media":182,"parent":0,"menu_order":0,"comment_status":"closed","ping_status":"closed","template":"","meta":{"nf_dc_page":"","_coblocks_attr":"Helvetica","_coblocks_dimensions":"{\"coblocks-column-112217830853\":{\"padding\":{}}}","_coblocks_responsive_height":"","_coblocks_accordion_ie_support":"","footnotes":""},"class_list":["post-171","page","type-page","status-publish","has-post-thumbnail","hentry"],"_hostinger_reach_plugin_has_subscription_block":false,"_hostinger_reach_plugin_is_elementor":false,"_links":{"self":[{"href":"https:\/\/centroubiratan.com\/index.php?rest_route=\/wp\/v2\/pages\/171","targetHints":{"allow":["GET"]}}],"collection":[{"href":"https:\/\/centroubiratan.com\/index.php?rest_route=\/wp\/v2\/pages"}],"about":[{"href":"https:\/\/centroubiratan.com\/index.php?rest_route=\/wp\/v2\/types\/page"}],"author":[{"embeddable":true,"href":"https:\/\/centroubiratan.com\/index.php?rest_route=\/wp\/v2\/users\/1"}],"replies":[{"embeddable":true,"href":"https:\/\/centroubiratan.com\/index.php?rest_route=%2Fwp%2Fv2%2Fcomments&post=171"}],"version-history":[{"count":0,"href":"https:\/\/centroubiratan.com\/index.php?rest_route=\/wp\/v2\/pages\/171\/revisions"}],"wp:featuredmedia":[{"embeddable":true,"href":"https:\/\/centroubiratan.com\/index.php?rest_route=\/wp\/v2\/media\/182"}],"wp:attachment":[{"href":"https:\/\/centroubiratan.com\/index.php?rest_route=%2Fwp%2Fv2%2Fmedia&parent=171"}],"curies":[{"name":"wp","href":"https:\/\/api.w.org\/{rel}","templated":true}]}}