{"id":18,"date":"2020-03-30T13:51:28","date_gmt":"2020-03-30T13:51:28","guid":{"rendered":"http:\/\/centroubir.dominiotemporario.com\/?page_id=18"},"modified":"2024-06-04T11:14:26","modified_gmt":"2024-06-04T14:14:26","slug":"ensino","status":"publish","type":"page","link":"https:\/\/centroubiratan.com\/?page_id=18","title":{"rendered":"Ensino"},"content":{"rendered":"\n<hr class=\"wp-block-separator has-css-opacity is-style-wide\"\/>\n\n\n\n<p class=\"has-black-color has-text-color\" style=\"font-size:39px\">Escalas das Aulas<\/p>\n\n\n\n<p class=\"has-black-color has-text-color\">Clique no bot\u00e3o abaixo para acessar as escalas te\u00f3ricas e pr\u00e1ticas<\/p>\n\n\n\n<div class=\"wp-block-buttons is-layout-flex wp-block-buttons-is-layout-flex\" style=\"text-transform:capitalize\">\n<div class=\"wp-block-button has-custom-font-size is-style-shadow has-medium-font-size\" style=\"text-transform:none\"><a class=\"wp-block-button__link has-vivid-cyan-blue-background-color has-background wp-element-button\" href=\"https:\/\/drive.google.com\/drive\/folders\/18rqzjBJjbBl45f5fJbMHFUm64UjoTZBm?usp=sharing\" target=\"_blank\" rel=\"noreferrer noopener\">Acesse as escalas<\/a><\/div>\n<\/div>\n\n\n\n<p><\/p>\n\n\n\n<p><\/p>\n\n\n\n<div style=\"height:100px\" aria-hidden=\"true\" class=\"wp-block-spacer\"><\/div>\n\n\n\n<hr class=\"wp-block-separator has-css-opacity is-style-wide\"\/>\n\n\n\n<div class=\"wp-block-media-text alignwide is-stacked-on-mobile is-vertically-aligned-center\" style=\"grid-template-columns:36% auto\"><figure class=\"wp-block-media-text__media\"><img loading=\"lazy\" decoding=\"async\" width=\"1024\" height=\"683\" src=\"https:\/\/centroubiratan.com\/wp-content\/uploads\/2020\/07\/3196-1024x683.jpg\" alt=\"\" class=\"wp-image-315 size-full\" srcset=\"https:\/\/centroubiratan.com\/wp-content\/uploads\/2020\/07\/3196-1024x683.jpg 1024w, https:\/\/centroubiratan.com\/wp-content\/uploads\/2020\/07\/3196-300x200.jpg 300w, https:\/\/centroubiratan.com\/wp-content\/uploads\/2020\/07\/3196-768x512.jpg 768w\" sizes=\"auto, (max-width: 1024px) 100vw, 1024px\" \/><\/figure><div class=\"wp-block-media-text__content\">\n<p><\/p>\n\n\n\n<p class=\"has-black-color has-text-color\" style=\"font-size:53px\">Aulas On-line<\/p>\n\n\n\n<p class=\"has-text-color\" style=\"font-size:26px;color:#050111\">Acesse abaixo todas as aulas on-line apresentadas durante a pandemia.<\/p>\n<\/div><\/div>\n\n\n\n<ul class=\"wp-block-list\">\n<li><a rel=\"noreferrer noopener\" href=\"https:\/\/drive.google.com\/drive\/folders\/1nnbM1OH-o-uaCfcCxFZ1MIYmiriKp29L?usp=sharing\" target=\"_blank\">O Livro dos M\u00e9diuns<\/a><\/li>\n\n\n\n<li><a rel=\"noreferrer noopener\" href=\"https:\/\/drive.google.com\/drive\/folders\/1LulHGD728Zpmr4WLvuJp61b0tZ7fbR9s?usp=sharing\" target=\"_blank\">Evangelho Segundo o Espiritismo<\/a><\/li>\n\n\n\n<li><a rel=\"noreferrer noopener\" href=\"https:\/\/drive.google.com\/drive\/folders\/1tXjBJIbPYy78SgmUMVIOonoZMNyqdMRa?usp=sharing\" target=\"_blank\">Livro: Mecanismos da Mediunidade<\/a><\/li>\n\n\n\n<li><a rel=\"noreferrer noopener\" href=\"https:\/\/drive.google.com\/drive\/folders\/1GZv78roLHSctKUDpAb8rJ1fUAtAB_jTo?usp=sharing\" target=\"_blank\">Livro: Nosso Lar<\/a><\/li>\n\n\n\n<li><a rel=\"noreferrer noopener\" href=\"https:\/\/drive.google.com\/drive\/folders\/15S9A6gCsGrWZhqAkhdth6cQCPrA0yUwU?usp=sharing\" target=\"_blank\">Livro: A G\u00eanese<\/a><\/li>\n\n\n\n<li><a rel=\"noreferrer noopener\" href=\"https:\/\/drive.google.com\/drive\/folders\/1IpHggOPrkg5bT4f0KeNli52jqtMI-VcT?usp=sharing\" target=\"_blank\">Turmas de Quinta-feira<\/a><\/li>\n\n\n\n<li><a rel=\"noreferrer noopener\" href=\"https:\/\/drive.google.com\/drive\/folders\/1iOCo9DY4wTaLikII9_LGnvQpzWs3TR4z?usp=sharing\" target=\"_blank\">Turmas de S\u00e1bado<\/a><\/li>\n<\/ul>\n\n\n\n<p><\/p>\n\n\n\n<div style=\"height:100px\" aria-hidden=\"true\" class=\"wp-block-spacer\"><\/div>\n\n\n\n<hr class=\"wp-block-separator has-css-opacity is-style-wide\"\/>\n\n\n\n<h2 class=\"wp-block-heading\">Formul\u00e1rio de Cadastro de Alunos &#8211; Termo de Consentimento<\/h2>\n\n\n\n<p><strong>Acesse aqui o formul\u00e1rio para cadastro dos alunos com o termo de consentimento para tratamento de dados<\/strong><\/p>\n\n\n\n<p><a href=\"https:\/\/docs.google.com\/forms\/d\/e\/1FAIpQLSdlEB4rkO9PUZXYTlBrj6OqHUHRFubc6IsSW_Z0VLZwUgpkeA\/viewform?usp=sf_link\" target=\"_blank\" rel=\"noreferrer noopener\">https:\/\/docs.google.com\/forms\/d\/e\/1FAIpQLSdlEB4rkO9PUZXYTlBrj6OqHUHRFubc6IsSW_Z0VLZwUgpkeA\/viewform?usp=sf_link<\/a><\/p>\n\n\n\n<div style=\"height:100px\" aria-hidden=\"true\" class=\"wp-block-spacer\"><\/div>\n\n\n\n<hr class=\"wp-block-separator has-text-color has-very-dark-gray-color has-css-opacity has-very-dark-gray-background-color has-background is-style-wide\"\/>\n\n\n\n<div class=\"wp-block-media-text alignwide is-stacked-on-mobile\" style=\"grid-template-columns:37% auto\"><figure class=\"wp-block-media-text__media\"><img loading=\"lazy\" decoding=\"async\" width=\"640\" height=\"452\" src=\"https:\/\/centroubiratan.com\/wp-content\/uploads\/2020\/07\/clock-163202_640.jpg\" alt=\"\" class=\"wp-image-350 size-full\" srcset=\"https:\/\/centroubiratan.com\/wp-content\/uploads\/2020\/07\/clock-163202_640.jpg 640w, https:\/\/centroubiratan.com\/wp-content\/uploads\/2020\/07\/clock-163202_640-300x212.jpg 300w\" sizes=\"auto, (max-width: 640px) 100vw, 640px\" \/><\/figure><div class=\"wp-block-media-text__content\">\n<p class=\"has-text-color has-large-font-size\" style=\"color:#00070a\">Dias e Hor\u00e1rios<\/p>\n<\/div><\/div>\n\n\n\n<p class=\"has-very-dark-gray-color has-text-color\"><strong>Curso de desenvolvimento medi\u00fanico<\/strong><br> Quintas-feiras :&nbsp; das 19:45 \u00e0s 22:00hs<br> S\u00e1bados&nbsp;&nbsp;&nbsp;&nbsp;&nbsp;&nbsp;&nbsp; &nbsp; :&nbsp; das 14:45 \u00e0s 17:00hs<br> <br> <strong> Evangeliza\u00e7\u00e3o Infanto-Juvenil<\/strong><br> S\u00e1bados&nbsp;&nbsp;&nbsp;&nbsp;&nbsp;&nbsp;&nbsp;&nbsp; :&nbsp; das 18:00 \u00e0s 20:00hs<br> <br>  <strong>Mocidade Esp\u00edrita<\/strong><br> S\u00e1bados&nbsp;&nbsp;&nbsp;&nbsp;&nbsp;&nbsp;&nbsp;&nbsp; :&nbsp; das 18:00 \u00e0s 20:00hs <\/p>\n","protected":false},"excerpt":{"rendered":"<p>Escalas das Aulas Clique no bot\u00e3o abaixo para acessar as escalas te\u00f3ricas e pr\u00e1ticas Aulas On-line Acesse abaixo todas as aulas on-line apresentadas durante a pandemia. Formul\u00e1rio de Cadastro de Alunos &#8211; Termo de Consentimento Acesse aqui o formul\u00e1rio para cadastro dos alunos com o termo de consentimento para tratamento de dados https:\/\/docs.google.com\/forms\/d\/e\/1FAIpQLSdlEB4rkO9PUZXYTlBrj6OqHUHRFubc6IsSW_Z0VLZwUgpkeA\/viewform?usp=sf_link Dias e&hellip; <br \/> <a class=\"read-more\" href=\"https:\/\/centroubiratan.com\/?page_id=18\">Leia mais<\/a><\/p>\n","protected":false},"author":1,"featured_media":44,"parent":0,"menu_order":0,"comment_status":"closed","ping_status":"closed","template":"","meta":{"nf_dc_page":"","_coblocks_attr":"","_coblocks_dimensions":"","_coblocks_responsive_height":"","_coblocks_accordion_ie_support":"","footnotes":""},"class_list":["post-18","page","type-page","status-publish","has-post-thumbnail","hentry"],"_hostinger_reach_plugin_has_subscription_block":false,"_hostinger_reach_plugin_is_elementor":false,"_links":{"self":[{"href":"https:\/\/centroubiratan.com\/index.php?rest_route=\/wp\/v2\/pages\/18","targetHints":{"allow":["GET"]}}],"collection":[{"href":"https:\/\/centroubiratan.com\/index.php?rest_route=\/wp\/v2\/pages"}],"about":[{"href":"https:\/\/centroubiratan.com\/index.php?rest_route=\/wp\/v2\/types\/page"}],"author":[{"embeddable":true,"href":"https:\/\/centroubiratan.com\/index.php?rest_route=\/wp\/v2\/users\/1"}],"replies":[{"embeddable":true,"href":"https:\/\/centroubiratan.com\/index.php?rest_route=%2Fwp%2Fv2%2Fcomments&post=18"}],"version-history":[{"count":14,"href":"https:\/\/centroubiratan.com\/index.php?rest_route=\/wp\/v2\/pages\/18\/revisions"}],"predecessor-version":[{"id":1288,"href":"https:\/\/centroubiratan.com\/index.php?rest_route=\/wp\/v2\/pages\/18\/revisions\/1288"}],"wp:featuredmedia":[{"embeddable":true,"href":"https:\/\/centroubiratan.com\/index.php?rest_route=\/wp\/v2\/media\/44"}],"wp:attachment":[{"href":"https:\/\/centroubiratan.com\/index.php?rest_route=%2Fwp%2Fv2%2Fmedia&parent=18"}],"curies":[{"name":"wp","href":"https:\/\/api.w.org\/{rel}","templated":true}]}}