{"id":20,"date":"2020-03-30T13:51:47","date_gmt":"2020-03-30T13:51:47","guid":{"rendered":"http:\/\/centroubir.dominiotemporario.com\/?page_id=20"},"modified":"2023-09-06T16:42:19","modified_gmt":"2023-09-06T19:42:19","slug":"evangelizacao","status":"publish","type":"page","link":"https:\/\/centroubiratan.com\/?page_id=20","title":{"rendered":"Evangeliza\u00e7\u00e3o"},"content":{"rendered":"<p>\n<!--StartFragment--><\/p>\n\n\n<p class=\"has-black-color has-text-color\"><strong>Evangeliza\u00e7\u00e3o Infantojuvenil &amp; Mocidade Esp\u00edrita<\/strong><\/p>\n\n\n\n<p class=\"has-black-color has-text-color\"><strong>\u201c SEMENTES DO JATOB\u00c1 \u201d<\/strong><\/p>\n\n\n\n<p class=\"has-black-color has-text-color\">No Centro Esp\u00edrita\nUbiratan \u00e9 realizado atrav\u00e9s da Diretoria de Ensino , o trabalho de\nEvangeliza\u00e7\u00e3o Infantil&nbsp; e&nbsp; Mocidade, pelo qual procuramos transmitir o\nconhecimento da doutrina esp\u00edrita e da moral evang\u00e9lica pregada por Jesus.<\/p>\n\n\n\n<p class=\"has-black-color has-text-color\">Temos como objetivo\ncontribuir no processo de evangeliza\u00e7\u00e3o das crian\u00e7as e adolescentes visando\ncolaborar para a constru\u00e7\u00e3o de um mundo melhor, e de uma sociedade mais\nfraterna.<\/p>\n\n\n\n<p class=\"has-black-color has-text-color\">O trabalho \u00e9\nrealizado em equipe, que com muito carinho e responsabilidade procuram\nincentivar e cultivar nos alunos o amor pelo Evangelho de Jesus e pela Doutrina\nEsp\u00edrita.<\/p>\n\n\n\n<p class=\"has-black-color has-text-color\"><strong>Aulas:<\/strong><\/p>\n\n\n\n<p class=\"has-black-color has-text-color\">As aulas s\u00e3o\nministradas aos s\u00e1bados durante o hor\u00e1rio da palestra: 18:00h as 20:00h.<\/p>\n\n\n\n<p class=\"has-black-color has-text-color\">Todas as crian\u00e7as e\nadolescentes frequentadores ou visitantes podem assistir e participar das\naulas. <\/p>\n\n\n\n<p class=\"has-black-color has-text-color\"><strong>Turmas:<\/strong><\/p>\n\n\n\n<p class=\"has-black-color has-text-color\">Existem 04 turmas de\nalunos de acordo com a faixa et\u00e1ria de idade, que ficam em salas distintas:<\/p>\n\n\n\n<p class=\"has-black-color has-text-color\">Evangeliza\u00e7\u00e3o\nInfantil:<\/p>\n\n\n\n<p class=\"has-black-color has-text-color\">Turma Acar\u00e9: Crian\u00e7as de 02 a 04 anos<\/p>\n\n\n\n<p class=\"has-black-color has-text-color\">Turma Brogot\u00e1: Crian\u00e7as de 05 a 08 anos<\/p>\n\n\n\n<p class=\"has-black-color has-text-color\">\u00a0Turma Corumbata\u00ed: Crian\u00e7as de 09 a 13 anos<\/p>\n\n\n\n<p class=\"has-black-color has-text-color\"><strong>Mocidade Esp\u00edrita:<\/strong><\/p>\n\n\n\n<p class=\"has-black-color has-text-color\">Jovens de 14 a 17\nanos<\/p>\n\n\n\n<p class=\"has-black-color has-text-color\">Evangelizadores:<\/p>\n\n\n\n<p class=\"has-black-color has-text-color\">A equipe \u00e9 composta\nde 10 monitores formados no Curso Medi\u00fanico Centro Esp\u00edrita Ubiratan.<\/p>\n\n\n\n<p class=\"has-black-color has-text-color\"><strong>Plano de Aulas:<\/strong><\/p>\n\n\n\n<p class=\"has-black-color has-text-color\">&nbsp;O Cronograma de aulas \u00e9 elaborado 02 vezes ano\n(Janeiro e Julho ). Os temas das aulas s\u00e3o embasados nos conceitos da Doutrina\nEsp\u00edrita, na B\u00edblia e nos assuntos da atualidade de import\u00e2ncia para o\ndesenvolvimento da crian\u00e7a.<\/p>\n\n\n\n<p class=\"has-black-color has-text-color\">O conte\u00fado das aulas\n\u00e9 desenvolvido de acordo com os materiais (livros e sites) utilizados na\ndefini\u00e7\u00e3o dos temas.<\/p>\n\n\n\n<p class=\"has-black-color has-text-color\">A estrutura das aulas \u00e9 composta de:<\/p>\n\n\n\n<p class=\"has-black-color has-text-color\">Prece Inicial<\/p>\n\n\n\n<p class=\"has-black-color has-text-color\">Leitura do Evangelho<\/p>\n\n\n\n<p class=\"has-black-color has-text-color\">Aplica\u00e7\u00e3o do\nconte\u00fado da aula<\/p>\n\n\n\n<p class=\"has-black-color has-text-color\">Passe<\/p>\n\n\n\n<p class=\"has-black-color has-text-color\">Atividade Pr\u00e1tica\nsobre o tema da aula<\/p>\n\n\n\n<p class=\"has-black-color has-text-color\">Prece Final<\/p>\n\n\n\n<p class=\"has-black-color has-text-color\"> <strong>\u201cQuando voc\u00ea ensina, transmite. Quando voc\u00ea educa, disciplina. Mas, quando voc\u00ea evangeliza, SALVA.&#8221;&nbsp; Am\u00e9lia Rodrigues<\/strong> <\/p>\n","protected":false},"excerpt":{"rendered":"<p>Evangeliza\u00e7\u00e3o Infantojuvenil &amp; Mocidade Esp\u00edrita \u201c SEMENTES DO JATOB\u00c1 \u201d No Centro Esp\u00edrita Ubiratan \u00e9 realizado atrav\u00e9s da Diretoria de Ensino , o trabalho de Evangeliza\u00e7\u00e3o Infantil&nbsp; e&nbsp; Mocidade, pelo qual procuramos transmitir o conhecimento da doutrina esp\u00edrita e da moral evang\u00e9lica pregada por Jesus. Temos como objetivo contribuir no processo de evangeliza\u00e7\u00e3o das crian\u00e7as&hellip; <br \/> <a class=\"read-more\" href=\"https:\/\/centroubiratan.com\/?page_id=20\">Leia mais<\/a><\/p>\n","protected":false},"author":1,"featured_media":1104,"parent":0,"menu_order":0,"comment_status":"closed","ping_status":"closed","template":"","meta":{"nf_dc_page":"","_coblocks_attr":"","_coblocks_dimensions":"","_coblocks_responsive_height":"","_coblocks_accordion_ie_support":"","footnotes":""},"class_list":["post-20","page","type-page","status-publish","has-post-thumbnail","hentry"],"_hostinger_reach_plugin_has_subscription_block":false,"_hostinger_reach_plugin_is_elementor":false,"_links":{"self":[{"href":"https:\/\/centroubiratan.com\/index.php?rest_route=\/wp\/v2\/pages\/20","targetHints":{"allow":["GET"]}}],"collection":[{"href":"https:\/\/centroubiratan.com\/index.php?rest_route=\/wp\/v2\/pages"}],"about":[{"href":"https:\/\/centroubiratan.com\/index.php?rest_route=\/wp\/v2\/types\/page"}],"author":[{"embeddable":true,"href":"https:\/\/centroubiratan.com\/index.php?rest_route=\/wp\/v2\/users\/1"}],"replies":[{"embeddable":true,"href":"https:\/\/centroubiratan.com\/index.php?rest_route=%2Fwp%2Fv2%2Fcomments&post=20"}],"version-history":[{"count":5,"href":"https:\/\/centroubiratan.com\/index.php?rest_route=\/wp\/v2\/pages\/20\/revisions"}],"predecessor-version":[{"id":1109,"href":"https:\/\/centroubiratan.com\/index.php?rest_route=\/wp\/v2\/pages\/20\/revisions\/1109"}],"wp:featuredmedia":[{"embeddable":true,"href":"https:\/\/centroubiratan.com\/index.php?rest_route=\/wp\/v2\/media\/1104"}],"wp:attachment":[{"href":"https:\/\/centroubiratan.com\/index.php?rest_route=%2Fwp%2Fv2%2Fmedia&parent=20"}],"curies":[{"name":"wp","href":"https:\/\/api.w.org\/{rel}","templated":true}]}}