{"id":22,"date":"2020-03-30T13:52:13","date_gmt":"2020-03-30T13:52:13","guid":{"rendered":"http:\/\/centroubir.dominiotemporario.com\/?page_id=22"},"modified":"2025-10-16T20:56:43","modified_gmt":"2025-10-16T23:56:43","slug":"nossa-historia","status":"publish","type":"page","link":"https:\/\/centroubiratan.com\/?page_id=22","title":{"rendered":"Nossa hist\u00f3ria"},"content":{"rendered":"\n<div class=\"wp-block-group alignwide\"><div class=\"wp-block-group__inner-container is-layout-flow wp-block-group-is-layout-flow\">\n<div class=\"alignwide wp-block-media-text\" style=\"grid-template-columns:15% auto\"><figure class=\"wp-block-media-text__media\"><img loading=\"lazy\" decoding=\"async\" width=\"338\" height=\"517\" src=\"http:\/\/centroubir.dominiotemporario.com\/wp-content\/uploads\/2020\/03\/Romualdo.jpg\" alt=\"\" class=\"wp-image-98 size-full\" srcset=\"https:\/\/centroubiratan.com\/wp-content\/uploads\/2020\/03\/Romualdo.jpg 338w, https:\/\/centroubiratan.com\/wp-content\/uploads\/2020\/03\/Romualdo-196x300.jpg 196w\" sizes=\"auto, (max-width: 338px) 100vw, 338px\" \/><\/figure><div class=\"wp-block-media-text__content\">\n<p class=\"has-text-color has-large-font-size\" style=\"color:#073143\">Nossa hist\u00f3ria<\/p>\n\n\n\n<p class=\"has-very-dark-gray-color has-text-color\">\nO  Centro Esp\u00edrita Ubiratan foi fundado no dia&nbsp;3 de outubro de 1942&nbsp;por \n Romualdo Joaquim Martins com a ajuda&nbsp;de um grupo de trabalhadores  \ndevotados ao bem.<\/p>\n\n\n\n<p class=\"has-very-dark-gray-color has-text-color\">Desde ent\u00e3o, esta casa tem se dedicado \u00e0 divulga\u00e7\u00e3o do <em>Evangelho de Jesus Cristo<\/em> e do Espiritismo, bem como \u00e0 presta\u00e7\u00e3o de assist\u00eancia espiritual e material a todos que batem a sua porta.<\/p>\n\n\n\n<p class=\"has-very-dark-gray-color has-text-color\">S\u00e3o 83 anos dedicados a causa da caridade, do amor e da fraternidade.<\/p>\n<\/div><\/div>\n<\/div><\/div>\n\n\n<p class=\"has-text-color has-very-dark-gray-color\"><span style=\"color: #000000;\"><strong>Informa\u00e7\u00f5es Gerais:<\/strong><\/span><\/p>\n<p><span style=\"color: #000000;\">Raz\u00e3o : Centro Esp\u00edrita Ubiratan<\/span><\/p>\n<p><span style=\"color: #000000;\">CNPJ: 62.656.103\/0001-61<\/span><\/p>\n<p><span style=\"color: #000000;\">Inscri\u00e7\u00e3o: Isento<\/span><\/p>\n<p><strong><span style=\"color: #000000;\">Diretoria \u2013 Per\u00edodo de 01\/04\/2023 \u00e0 31\/03\/2026<\/span><\/strong><\/p>\n<p><strong><span style=\"color: #000000;\">Presidente<\/span><\/strong><\/p>\n<p><span style=\"color: #000000;\">\u00c1lvaro Mesquita Neto<\/span><\/p>\n<p><strong><span style=\"color: #000000;\">Vice-presidente<\/span><\/strong><\/p>\n<p><span style=\"color: #000000;\">Francisco Martins<\/span><\/p>\n<p><strong><span style=\"color: #000000;\">Primeira Secret\u00e1ria<\/span><\/strong><\/p>\n<p><span style=\"color: #000000;\">Greice Passos\u00a0<\/span><\/p>\n<p><strong><span style=\"color: #000000;\">Segunda Secret\u00e1ria<\/span><\/strong><\/p>\n<p><span style=\"color: #000000;\">Elisabete Adamas<\/span><\/p>\n<p><strong><span style=\"color: #000000;\">Primeira Tesoureira<\/span><\/strong><\/p>\n<p><span style=\"color: #000000;\">Alessandra Bezerra<\/span><\/p>\n<p><strong><span style=\"color: #000000;\">Segunda Tesoureira<\/span><\/strong><\/p>\n<p><span style=\"color: #000000;\">Eva Ramos<\/span><\/p>\n<p><strong><span style=\"color: #000000;\">Diretora de Assist\u00eancia Social<\/span><\/strong><\/p>\n<p><span style=\"color: #000000;\">Ana Andrade<\/span><\/p>\n<p><strong><span style=\"color: #000000;\">Diretor de Ensino<\/span><\/strong><\/p>\n<p><span style=\"color: #000000;\">Marcio Coutrin<\/span><\/p>\n<p><strong><span style=\"color: #000000;\">Diretor de Patrim\u00f4nio<\/span><\/strong><\/p>\n<p><span style=\"color: #000000;\">Jos\u00e9 Maria Vieira<\/span><\/p>\n<p><strong><span style=\"color: #000000;\">Conselho Fiscal<\/span><\/strong><\/p>\n<p><span style=\"color: #000000;\">Jana\u00edna Mendes<\/span><\/p>\n<p><span style=\"color: #000000;\">Amanda Almeida<\/span><\/p>\n<p><span style=\"color: #000000;\">Tatiane Moura<\/span><\/p>\n\n\n<p class=\"\"><\/p>\n","protected":false},"excerpt":{"rendered":"<p>Nossa hist\u00f3ria O Centro Esp\u00edrita Ubiratan foi fundado no dia&nbsp;3 de outubro de 1942&nbsp;por Romualdo Joaquim Martins com a ajuda&nbsp;de um grupo de trabalhadores devotados ao bem. Desde ent\u00e3o, esta casa tem se dedicado \u00e0 divulga\u00e7\u00e3o do Evangelho de Jesus Cristo e do Espiritismo, bem como \u00e0 presta\u00e7\u00e3o de assist\u00eancia espiritual e material a todos&hellip; <br \/> <a class=\"read-more\" href=\"https:\/\/centroubiratan.com\/?page_id=22\">Leia mais<\/a><\/p>\n","protected":false},"author":1,"featured_media":8,"parent":0,"menu_order":0,"comment_status":"closed","ping_status":"closed","template":"","meta":{"nf_dc_page":"","_coblocks_attr":"","_coblocks_dimensions":"","_coblocks_responsive_height":"","_coblocks_accordion_ie_support":"","footnotes":""},"class_list":["post-22","page","type-page","status-publish","has-post-thumbnail","hentry"],"_hostinger_reach_plugin_has_subscription_block":false,"_hostinger_reach_plugin_is_elementor":false,"_links":{"self":[{"href":"https:\/\/centroubiratan.com\/index.php?rest_route=\/wp\/v2\/pages\/22","targetHints":{"allow":["GET"]}}],"collection":[{"href":"https:\/\/centroubiratan.com\/index.php?rest_route=\/wp\/v2\/pages"}],"about":[{"href":"https:\/\/centroubiratan.com\/index.php?rest_route=\/wp\/v2\/types\/page"}],"author":[{"embeddable":true,"href":"https:\/\/centroubiratan.com\/index.php?rest_route=\/wp\/v2\/users\/1"}],"replies":[{"embeddable":true,"href":"https:\/\/centroubiratan.com\/index.php?rest_route=%2Fwp%2Fv2%2Fcomments&post=22"}],"version-history":[{"count":6,"href":"https:\/\/centroubiratan.com\/index.php?rest_route=\/wp\/v2\/pages\/22\/revisions"}],"predecessor-version":[{"id":1365,"href":"https:\/\/centroubiratan.com\/index.php?rest_route=\/wp\/v2\/pages\/22\/revisions\/1365"}],"wp:featuredmedia":[{"embeddable":true,"href":"https:\/\/centroubiratan.com\/index.php?rest_route=\/wp\/v2\/media\/8"}],"wp:attachment":[{"href":"https:\/\/centroubiratan.com\/index.php?rest_route=%2Fwp%2Fv2%2Fmedia&parent=22"}],"curies":[{"name":"wp","href":"https:\/\/api.w.org\/{rel}","templated":true}]}}