{"id":769,"date":"2022-02-11T14:31:50","date_gmt":"2022-02-11T17:31:50","guid":{"rendered":"https:\/\/centroubiratan.com\/?page_id=769"},"modified":"2022-02-11T14:39:34","modified_gmt":"2022-02-11T17:39:34","slug":"politica-de-privacidade","status":"publish","type":"page","link":"https:\/\/centroubiratan.com\/?page_id=769","title":{"rendered":"Pol\u00edtica de privacidade"},"content":{"rendered":"<p><strong>CENTRO ESP\u00cdRITA UBIRATAN &#8211; POL\u00cdTICA DE PRIVACIDADE<\/strong><\/p>\n<p>No <strong>Centro Esp\u00edrita Ubiratan<\/strong>, privacidade, confidencialidade e seguran\u00e7a s\u00e3o prioridades e nos comprometemos com a transpar\u00eancia do tratamento de dados pessoais dos nossos assistidos, alunos, associados, volunt\u00e1rios, funcion\u00e1rios e frequentadores. Por isso, nossa <strong>Pol\u00edtica de Privacidade<\/strong> estabelece como \u00e9 feita a coleta e o tratamento de informa\u00e7\u00f5es das pessoas que acessam ou usam nossos servi\u00e7os.<\/p>\n<p>Assim, ao utilizar nossos servi\u00e7os, voc\u00ea entende que coletaremos e usaremos suas informa\u00e7\u00f5es pessoais nas formas descritas nesta Pol\u00edtica e <strong>em conformidade com a Lei Geral de Prote\u00e7\u00e3o de Dados (LGPD) Lei Federal 13.709\/2018 <\/strong>e as demais normas do ordenamento jur\u00eddico brasileiro aplic\u00e1veis.<\/p>\n<p>Dessa forma, o <strong>Centro Esp\u00edrita Ubiratan<\/strong>, doravante denominada simplesmente como <strong>Centro<\/strong>, inscrita no CNPJ\/MF sob o n\u00ba 62.656.103\/0001-61, no papel de Controladora de Dados, obriga-se ao disposto na presente Pol\u00edtica de Privacidade.<\/p>\n<ol>\n<li><strong> O que s\u00e3o Dados Pessoais?<\/strong><\/li>\n<\/ol>\n<p>Dado pessoal \u00e9 qualquer informa\u00e7\u00e3o relacionada a uma pessoa natural identificada ou identific\u00e1vel. Isso significa que, por exemplo, nome, CPF, RG, endere\u00e7o, n\u00famero de telefone, data de nascimento, hist\u00f3rico educacional, cookies e outros tipos de identifica\u00e7\u00e3o eletr\u00f4nica, ou seja, quaisquer dados que se relacionem aos Titulares, s\u00e3o dados pessoais na medida em que possam ser conectados a uma pessoa natural.<\/p>\n<ol start=\"2\">\n<li><strong> Consentimento<\/strong><\/li>\n<\/ol>\n<p>O consentimento \u00e9 a manifesta\u00e7\u00e3o livre, informada e inequ\u00edvoca pela qual voc\u00ea autoriza o Centro a tratar seus dados. \u00c9 a partir do seu consentimento que tratamos os seus dados pessoais.<\/p>\n<p>Assim, em conson\u00e2ncia com a Lei Geral de Prote\u00e7\u00e3o de Dados, seus dados s\u00f3 ser\u00e3o coletados, tratados e armazenados mediante pr\u00e9vio e expresso consentimento.<\/p>\n<p>O seu consentimento ser\u00e1 obtido de forma espec\u00edfica para cada finalidade, evidenciando o compromisso de transpar\u00eancia e boa-f\u00e9 do Centro para com seus clientes, colaboradores e parceiros, seguindo as regula\u00e7\u00f5es legislativas pertinentes.<\/p>\n<p>Ao utilizar os servi\u00e7os do Centro e fornecer seus dados pessoais, voc\u00ea est\u00e1 ciente e consentindo com as disposi\u00e7\u00f5es desta Pol\u00edtica de Privacidade, al\u00e9m de conhecer seus direitos e como exerc\u00ea-los.<\/p>\n<p>A qualquer tempo e sem nenhum custo, voc\u00ea poder\u00e1 revogar seu consentimento, respeitando as disposi\u00e7\u00f5es legais.<\/p>\n<p>\u00c9 importante destacar que a revoga\u00e7\u00e3o do consentimento para o tratamento dos dados pode implicar a impossibilidade da presta\u00e7\u00e3o adequada de algum dos nossos servi\u00e7os.<\/p>\n<ol start=\"3\">\n<li>Finalidade leg\u00edtima para o tratamento de dados<\/li>\n<\/ol>\n<p>O Centro apenas far\u00e1 a coleta e tratamento dos seus dados para as seguintes finalidades leg\u00edtimas:<\/p>\n<ol>\n<li>Presta\u00e7\u00e3o de assist\u00eancia material atrav\u00e9s da doa\u00e7\u00e3o de objetos, utens\u00edlios, alimentos e ajuda financeira;<\/li>\n<li>Presta\u00e7\u00e3o de assist\u00eancia e orienta\u00e7\u00e3o espiritual e religiosa;<\/li>\n<li>Presta\u00e7\u00e3o de servi\u00e7o de educa\u00e7\u00e3o Esp\u00edrita e Evang\u00e9lica;<\/li>\n<li>Administra\u00e7\u00e3o organizacional das equipes de trabalhadores volunt\u00e1rios e funcion\u00e1rios.<\/li>\n<li>Quais s\u00e3o os seus direitos como titular dos dados?<\/li>\n<\/ol>\n<p>O Centro assegura a seus assistidos, alunos, associados, volunt\u00e1rios, funcion\u00e1rios e frequentadores seus direitos de titular previstos no artigo 18 da Lei Geral de Prote\u00e7\u00e3o de Dados. Dessa forma, voc\u00ea pode, de maneira gratuita e a qualquer tempo:<\/p>\n<ul>\n<li>Confirmar a exist\u00eancia de tratamento de dados, de maneira simplificada ou em formato claro e completo.<\/li>\n<li>Acessar seus dados, podendo solicit\u00e1-los em uma c\u00f3pia leg\u00edvel sob forma impressa ou por meio eletr\u00f4nico, seguro e id\u00f4neo.<\/li>\n<li>Corrigir seus dados, ao solicitar a edi\u00e7\u00e3o, corre\u00e7\u00e3o ou atualiza\u00e7\u00e3o destes.<\/li>\n<li>Limitar seus dados quando desnecess\u00e1rios, excessivos ou tratados em desconformidade com a legisla\u00e7\u00e3o atrav\u00e9s da anonimiza\u00e7\u00e3o, bloqueio ou elimina\u00e7\u00e3o.<\/li>\n<li>Solicitar a portabilidade de seus dados, atrav\u00e9s de um relat\u00f3rio de dados cadastrais que o Centro trata a seu respeito.<\/li>\n<li>Eliminar seus dados tratados a partir de seu consentimento, exceto nos casos previstos em lei.<\/li>\n<li>Revogar seu consentimento, desautorizando o tratamento de seus dados.<\/li>\n<li>Informar-se sobre a possibilidade de n\u00e3o fornecer seu consentimento e sobre as consequ\u00eancias da negativa.<\/li>\n<\/ul>\n<ol start=\"4\">\n<li><strong> Como voc\u00ea pode exercer seus direitos de titular?<\/strong><\/li>\n<\/ol>\n<p>Para exercer seus direitos de titular, voc\u00ea deve entrar em contato com o Centro atrav\u00e9s dos seguintes meios dispon\u00edveis:<\/p>\n<p><strong>E-mail: contato@centroubiratan.com<\/strong><\/p>\n<p>De forma a garantir a sua correta identifica\u00e7\u00e3o como titular dos dados pessoais objeto da solicita\u00e7\u00e3o, \u00e9 poss\u00edvel que solicitemos documentos ou demais informa\u00e7\u00f5es que possam comprovar sua identidade. Nessa hip\u00f3tese, voc\u00ea ser\u00e1 informado previamente.<\/p>\n<ol start=\"5\">\n<li><strong> Como e por quanto tempo seus dados ser\u00e3o armazenados?<\/strong><\/li>\n<\/ol>\n<p>Seus dados pessoais coletados pelo Centro ser\u00e3o utilizados e armazenados durante o tempo necess\u00e1rio para a presta\u00e7\u00e3o do servi\u00e7o ou para que as finalidades elencadas na presente Pol\u00edtica de Privacidade sejam atingidas, considerando os direitos dos titulares dos dados e dos controladores.<\/p>\n<p>De modo geral, seus dados ser\u00e3o mantidos enquanto a rela\u00e7\u00e3o da presta\u00e7\u00e3o do servi\u00e7o entre voc\u00ea e o Centro perdurar. Findado o per\u00edodo de armazenamento dos dados pessoais, estes ser\u00e3o exclu\u00eddos de nossas bases de dados ou anonimizados, ressalvadas as hip\u00f3teses legalmente previstas no artigo 16 Lei Geral de Prote\u00e7\u00e3o de Dados, a saber:<\/p>\n<p>I \u2013 Cumprimento de obriga\u00e7\u00e3o legal ou regulat\u00f3ria pelo controlador;<\/p>\n<p>II \u2013 Estudo por \u00f3rg\u00e3o de pesquisa, garantida, sempre que poss\u00edvel, a anonimiza\u00e7\u00e3o dos dados pessoais;<\/p>\n<p>III \u2013 Transfer\u00eancia a terceiro, desde que respeitados os requisitos de tratamento de dados dispostos nesta Lei; ou<\/p>\n<p>IV \u2013 Uso exclusivo do controlador, vedado seu acesso por terceiro, e desde que anonimizados os dados.<\/p>\n<p>Isto \u00e9, informa\u00e7\u00f5es pessoais sobre voc\u00ea que sejam imprescind\u00edveis para o cumprimento de determina\u00e7\u00f5es legais, judiciais e administrativas e\/ou para o exerc\u00edcio do direito de defesa em processos judiciais e administrativos ser\u00e3o mantidas, a despeito da exclus\u00e3o dos demais dados.<\/p>\n<p>O armazenamento de dados coletados pelo Centro reflete o nosso compromisso com a seguran\u00e7a e privacidade dos seus dados. Empregamos medidas e solu\u00e7\u00f5es t\u00e9cnicas de prote\u00e7\u00e3o aptas a garantir a confidencialidade, integridade e inviolabilidade dos seus dados. Al\u00e9m disso, tamb\u00e9m contamos com medidas de seguran\u00e7a apropriadas aos riscos e com controle de acesso \u00e0s informa\u00e7\u00f5es armazenadas.<\/p>\n<ol start=\"6\">\n<li><strong> O que fazemos para manter seus dados seguros?<\/strong><\/li>\n<\/ol>\n<p>Para mantermos suas informa\u00e7\u00f5es pessoais seguras, usamos processos e recursos f\u00edsicos, eletr\u00f4nicos e gerenciais orientados para a prote\u00e7\u00e3o da sua privacidade. Al\u00e9m disso o Centro utiliza governan\u00e7a e boas pr\u00e1ticas no tratamento de dados.<\/p>\n<p>Aplicamos esses recursos e processos levando em considera\u00e7\u00e3o a natureza dos dados pessoais coletados, o contexto e a finalidade do tratamento e os riscos que eventuais viola\u00e7\u00f5es gerariam para os direitos e liberdades do titular dos dados coletados e tratados.<\/p>\n<p>Entre as medidas que adotamos, destacamos as seguintes:<\/p>\n<ul>\n<li>Apenas pessoas autorizadas t\u00eam acesso a seus dados pessoais;<\/li>\n<li>O acesso a seus dados pessoais \u00e9 feito somente ap\u00f3s o compromisso de confidencialidade;<\/li>\n<li>Seus dados pessoais s\u00e3o armazenados em ambiente seguro e id\u00f4neo.<\/li>\n<\/ul>\n<p>Em caso de incidentes de seguran\u00e7a que possa gerar risco ou dano relevante para voc\u00ea ou qualquer um de nossos clientes, colaboradores e parceiros, comunicaremos aos afetados e a <strong>Autoridade Nacional de Prote\u00e7\u00e3o de Dados<\/strong> sobre o ocorrido, em conson\u00e2ncia com as disposi\u00e7\u00f5es da Lei Geral de Prote\u00e7\u00e3o de Dados.<\/p>\n<ol start=\"7\">\n<li><strong> Com quem seus dados podem ser compartilhados?<\/strong><\/li>\n<\/ol>\n<p>Tendo em vista a preserva\u00e7\u00e3o de sua privacidade, o Centro n\u00e3o compartilhar\u00e1 seus dados pessoais com nenhum terceiro n\u00e3o autorizado.<\/p>\n<p>Em casos excepcionais, seus dados poder\u00e3o ser compartilhados com nossos parceiros. Estes recebem seus dados apenas na medida do necess\u00e1rio para a presta\u00e7\u00e3o dos servi\u00e7os contratados e nossos contratos s\u00e3o orientados pelas normas de prote\u00e7\u00e3o de dados do ordenamento jur\u00eddico brasileiro.<\/p>\n<p>Al\u00e9m disso, tamb\u00e9m existem outras hip\u00f3teses em que seus dados poder\u00e3o ser compartilhados, que s\u00e3o:<\/p>\n<p>I \u2013 Determina\u00e7\u00e3o legal, requerimento, requisi\u00e7\u00e3o ou ordem judicial, com autoridades judiciais, administrativas ou governamentais competentes;<\/p>\n<p>II \u2013 Caso de movimenta\u00e7\u00f5es societ\u00e1rias, como fus\u00e3o, aquisi\u00e7\u00e3o e incorpora\u00e7\u00e3o, de forma autom\u00e1tica;<\/p>\n<p>III \u2013 Prote\u00e7\u00e3o dos direitos em qualquer tipo de conflito, inclusive os de teor judicial;<\/p>\n<p><strong>7.1. Transfer\u00eancia internacional de dados<\/strong><\/p>\n<p>Alguns dos parceiros com quem compartilhamos seus dados podem ser localizados ou ou possuir instala\u00e7\u00f5es localizadas em pa\u00edses estrangeiros. Nessas condi\u00e7\u00f5es, de toda forma, seus dados pessoais estar\u00e3o sujeitos \u00e0 Lei Geral de Prote\u00e7\u00e3o de Dados e \u00e0s demais legisla\u00e7\u00f5es brasileiras de prote\u00e7\u00e3o de dados.<\/p>\n<p>Nesse sentido, o Centro se compromete a sempre adotar eficientes padr\u00f5es de seguran\u00e7a cibern\u00e9tica e de prote\u00e7\u00e3o de dados, nos melhores esfor\u00e7os de garantir e cumprir as exig\u00eancias legislativas.<\/p>\n<p>Ao concordar com essa Pol\u00edtica de Privacidade, voc\u00ea aceita com esse compartilhamento, que se dar\u00e1 conforme as finalidades descritas no presente instrumento.<\/p>\n<ol start=\"8\">\n<li><strong> Cookies ou dados de navega\u00e7\u00e3o<\/strong><\/li>\n<\/ol>\n<p>O Centro faz uso de Cookies, que s\u00e3o arquivos de texto enviados pela plataforma ao seu computador e que nele se armazenam, que cont\u00e9m informa\u00e7\u00f5es relacionadas \u00e0 navega\u00e7\u00e3o do site. Em suma, os Cookies s\u00e3o utilizados para aprimorar a experi\u00eancia de uso.<\/p>\n<p>Ao acessar nosso site e consentir com o uso de Cookies, voc\u00ea manifesta conhecer e aceitar a utiliza\u00e7\u00e3o de um sistema de coleta de dados de navega\u00e7\u00e3o com o uso de Cookies em seu dispositivo.<\/p>\n<p>O Centro utiliza os seguintes Cookies:<\/p>\n<p>Cookie de rastreamento de acesso do Google, sem identifica\u00e7\u00e3o do usu\u00e1rio.<\/p>\n<p>Voc\u00ea pode, a qualquer tempo e sem nenhum custo, alterar as permiss\u00f5es, bloquear ou recusar os Cookies. Todavia, a revoga\u00e7\u00e3o do consentimento de determinados Cookies pode inviabilizar o funcionamento correto de alguns recursos do site.<\/p>\n<p>Para gerenciar os cookies do seu navegador, basta faz\u00ea-lo diretamente nas configura\u00e7\u00f5es do navegador, na \u00e1rea de gest\u00e3o de Cookies.<\/p>\n<ol start=\"9\">\n<li><strong> Altera\u00e7\u00e3o desta Pol\u00edtica de Privacidade<\/strong><\/li>\n<\/ol>\n<p>A atual vers\u00e3o da Pol\u00edtica de Privacidade foi formulada e atualizada pela \u00faltima vez em: 10\/11\/2021<\/p>\n<p>Reservamos o direito de modificar essa Pol\u00edtica de Privacidade a qualquer tempo, principalmente em fun\u00e7\u00e3o da adequa\u00e7\u00e3o a eventuais altera\u00e7\u00f5es feitas em nosso site ou em \u00e2mbito legislativo. Recomendamos que voc\u00ea a revise com frequ\u00eancia.<\/p>\n<p>Eventuais altera\u00e7\u00f5es entrar\u00e3o em vigor a partir de sua publica\u00e7\u00e3o em nosso site e sempre lhe notificaremos acerca das mudan\u00e7as ocorridas.<\/p>\n<p>Ao utilizar nossos servi\u00e7os e fornecer seus dados pessoais ap\u00f3s tais modifica\u00e7\u00f5es, voc\u00ea as consente.<\/p>\n<ol start=\"10\">\n<li><strong> Responsabilidade<\/strong><\/li>\n<\/ol>\n<p>O Centro prev\u00ea a responsabilidade dos agentes que atuam nos processos de tratamento de dados, em conformidade com os artigos 42 ao 45 da Lei Geral de Prote\u00e7\u00e3o de Dados.<\/p>\n<p>Nos comprometemos em manter esta Pol\u00edtica de Privacidade atualizada, observando suas disposi\u00e7\u00f5es e zelando por seu cumprimento.<\/p>\n<p>Al\u00e9m disso, tamb\u00e9m assumimos o compromisso de buscar condi\u00e7\u00f5es t\u00e9cnicas e organizacionais seguramente aptas a proteger todo o processo de tratamento de dados.<\/p>\n<p>Caso a Autoridade Nacional de Prote\u00e7\u00e3o de Dados exija a ado\u00e7\u00e3o de provid\u00eancias em rela\u00e7\u00e3o ao tratamento de dados realizado pelo Centro, comprometemo-nos a segui-las.<\/p>\n<p><strong>10.1 Isen\u00e7\u00e3o de responsabilidade<\/strong><\/p>\n<p>Conforme mencionado no T\u00f3pico 6, embora adotemos elevados padr\u00f5es de seguran\u00e7a a fim de evitar incidentes, n\u00e3o h\u00e1 nenhum sistema ou ambiente virtual inteiramente livre de riscos. Nesse sentido, o Centro n\u00e3o se responsabiliza por:<\/p>\n<p>I \u2013 Quaisquer consequ\u00eancias decorrentes da neglig\u00eancia, imprud\u00eancia ou imper\u00edcia dos usu\u00e1rios no acesso ao nosso site em rela\u00e7\u00e3o a seus dados individuais. Garantimos e nos responsabilizamos apenas pela seguran\u00e7a dos processos de tratamento de dados e do cumprimento das finalidades descritas no presente instrumento.<\/p>\n<p>Destacamos que a responsabilidade em rela\u00e7\u00e3o \u00e0 confidencialidade dos dados de acesso \u00e9 do usu\u00e1rio.<\/p>\n<p>II \u2013 A\u00e7\u00f5es maliciosas de terceiros, como ataques de hackers, exceto se comprovada conduta culposa ou deliberada do Centro.<\/p>\n<p>Destacamos que em caso de incidentes de seguran\u00e7a que possam gerar risco ou dano relevante para voc\u00ea ou qualquer um de nossos assistidos, alunos, associados, volunt\u00e1rios, funcion\u00e1rios e frequentadores, comunicaremos aos afetados e a Autoridade Nacional de Prote\u00e7\u00e3o de Dados sobre o ocorrido e cumpriremos as provid\u00eancias necess\u00e1rias.<\/p>\n<p>III \u2013 Inveracidade das informa\u00e7\u00f5es inseridas pelos usu\u00e1rios, assistidos, alunos, associados, volunt\u00e1rios, funcion\u00e1rios ou frequentadores nos registros necess\u00e1rios para a utiliza\u00e7\u00e3o dos servi\u00e7os do Centro. Quaisquer consequ\u00eancias decorrentes de informa\u00e7\u00f5es falsas ou inseridas de m\u00e1-f\u00e9 s\u00e3o de inteira responsabilidade dos usu\u00e1rios, assistidos, alunos, associados, volunt\u00e1rios, funcion\u00e1rios ou frequentadores.<\/p>\n<ol start=\"11\">\n<li><strong> Encarregado de Prote\u00e7\u00e3o de Dados<\/strong><\/li>\n<\/ol>\n<p>Seguindo os requerimentos da lei, o Centro nomeou um representante para atuar como Encarregado de Prote\u00e7\u00e3o de Dados e disponibiliza os seguintes meios para que voc\u00ea possa entrar em contato para exercer seus direitos de titular:<\/p>\n<p>Nome do Encarregado de Dados: Marcio Coutrin<\/p>\n<p>E-mail: contato@centroubiratan.com<\/p>\n<p>Telefone: 011 \u2013 2292-6572<\/p>\n<p>Caso tenha d\u00favidas sobre esta Pol\u00edtica de Privacidade ou sobre os dados pessoais que tratamos, voc\u00ea pode entrar em contato com o nosso Encarregado de Prote\u00e7\u00e3o de Dados Pessoais.<\/p>\n","protected":false},"excerpt":{"rendered":"<p>CENTRO ESP\u00cdRITA UBIRATAN &#8211; POL\u00cdTICA DE PRIVACIDADE No Centro Esp\u00edrita Ubiratan, privacidade, confidencialidade e seguran\u00e7a s\u00e3o prioridades e nos comprometemos com a transpar\u00eancia do tratamento de dados pessoais dos nossos assistidos, alunos, associados, volunt\u00e1rios, funcion\u00e1rios e frequentadores. Por isso, nossa Pol\u00edtica de Privacidade estabelece como \u00e9 feita a coleta e o tratamento de informa\u00e7\u00f5es das&hellip; <br \/> <a class=\"read-more\" href=\"https:\/\/centroubiratan.com\/?page_id=769\">Leia mais<\/a><\/p>\n","protected":false},"author":1,"featured_media":0,"parent":0,"menu_order":0,"comment_status":"closed","ping_status":"closed","template":"","meta":{"nf_dc_page":"","_coblocks_attr":"","_coblocks_dimensions":"","_coblocks_responsive_height":"","_coblocks_accordion_ie_support":"","footnotes":""},"class_list":["post-769","page","type-page","status-publish","hentry"],"_hostinger_reach_plugin_has_subscription_block":false,"_hostinger_reach_plugin_is_elementor":false,"_links":{"self":[{"href":"https:\/\/centroubiratan.com\/index.php?rest_route=\/wp\/v2\/pages\/769","targetHints":{"allow":["GET"]}}],"collection":[{"href":"https:\/\/centroubiratan.com\/index.php?rest_route=\/wp\/v2\/pages"}],"about":[{"href":"https:\/\/centroubiratan.com\/index.php?rest_route=\/wp\/v2\/types\/page"}],"author":[{"embeddable":true,"href":"https:\/\/centroubiratan.com\/index.php?rest_route=\/wp\/v2\/users\/1"}],"replies":[{"embeddable":true,"href":"https:\/\/centroubiratan.com\/index.php?rest_route=%2Fwp%2Fv2%2Fcomments&post=769"}],"version-history":[{"count":0,"href":"https:\/\/centroubiratan.com\/index.php?rest_route=\/wp\/v2\/pages\/769\/revisions"}],"wp:attachment":[{"href":"https:\/\/centroubiratan.com\/index.php?rest_route=%2Fwp%2Fv2%2Fmedia&parent=769"}],"curies":[{"name":"wp","href":"https:\/\/api.w.org\/{rel}","templated":true}]}}